{"id":68956,"date":"2023-03-16T09:50:07","date_gmt":"2023-03-16T08:50:07","guid":{"rendered":"https:\/\/pgwear.net\/p\/aw23-czapka-troublemaker23-olive\/"},"modified":"2026-03-06T11:54:09","modified_gmt":"2026-03-06T10:54:09","slug":"czapka-troublemaker23-oliwkowa","status":"publish","type":"product","link":"https:\/\/pgwear.net\/pl\/p\/czapka-troublemaker23-oliwkowa\/","title":{"rendered":"Czapka &#8220;Troublemaker&#8217;23&#8221; Oliwkowa"},"content":{"rendered":"<p>Szukasz <a href=\"https:\/\/pgwear.net\/pl\/c\/czapki\/\">czapki<\/a>, kt\u00f3ra ochroni twoj\u0105 twarz przed zimnem, policj\u0105 i kamerami CCTV i w kt\u00f3rej b\u0119dziesz dobrze wygl\u0105da\u0107 zar\u00f3wno na ulicy jak i na stadionie? Oto Troublemaker od PGWEAR &#8211; czapka i <a href=\"https:\/\/pgwear.net\/pl\/c\/kominiarki\/\">kominiarka<\/a> w jednym! PGWEAR Ultras Shop gwarantuje zawsze najwy\u017csz\u0105 jako\u015b\u0107!<\/p>\n","protected":false},"excerpt":{"rendered":"<p>Szukasz czapki, kt\u00f3ra ochroni twoj\u0105 twarz przed zimnem, policj\u0105 i kamerami CCTV i w kt\u00f3rej b\u0119dziesz dobrze wygl\u0105da\u0107 zar\u00f3wno na ulicy jak i na stadionie?<\/p>\n","protected":false},"featured_media":94625,"template":"","meta":{"_acf_changed":false},"product_brand":[],"product_cat":[3512],"product_tag":[3839,2297,3277,2837],"class_list":{"0":"post-68956","1":"product","2":"type-product","3":"status-publish","4":"has-post-thumbnail","6":"product_cat-komiarki","7":"product_tag-blue-monday","8":"product_tag-jesien-zima-2023","9":"product_tag-ostatnie-sztuki","10":"product_tag-sale","11":"pa_kolekcja-jesien-zima-2023","12":"pa_kolor-oliwkowy","13":"pa_material-100-akryl","14":"feature-czapka-zimowa","16":"first","17":"instock","18":"sale","19":"taxable","20":"shipping-taxable","21":"purchasable","22":"product-type-simple"},"acf":[],"_links":{"self":[{"href":"https:\/\/pgwear.net\/pl\/wp-json\/wp\/v2\/product\/68956","targetHints":{"allow":["GET"]}}],"collection":[{"href":"https:\/\/pgwear.net\/pl\/wp-json\/wp\/v2\/product"}],"about":[{"href":"https:\/\/pgwear.net\/pl\/wp-json\/wp\/v2\/types\/product"}],"wp:featuredmedia":[{"embeddable":true,"href":"https:\/\/pgwear.net\/pl\/wp-json\/wp\/v2\/media\/94625"}],"wp:attachment":[{"href":"https:\/\/pgwear.net\/pl\/wp-json\/wp\/v2\/media?parent=68956"}],"wp:term":[{"taxonomy":"product_brand","embeddable":true,"href":"https:\/\/pgwear.net\/pl\/wp-json\/wp\/v2\/product_brand?post=68956"},{"taxonomy":"product_cat","embeddable":true,"href":"https:\/\/pgwear.net\/pl\/wp-json\/wp\/v2\/product_cat?post=68956"},{"taxonomy":"product_tag","embeddable":true,"href":"https:\/\/pgwear.net\/pl\/wp-json\/wp\/v2\/product_tag?post=68956"}],"curies":[{"name":"wp","href":"https:\/\/api.w.org\/{rel}","templated":true}]}}