{"id":68969,"date":"2023-03-16T09:50:09","date_gmt":"2023-03-16T08:50:09","guid":{"rendered":"https:\/\/pgwear.net\/p\/aw23-spodnie-softshell-cargo\/"},"modified":"2026-03-16T12:05:18","modified_gmt":"2026-03-16T11:05:18","slug":"spodnie-softshell-cargo-company-czarne","status":"publish","type":"product","link":"https:\/\/pgwear.net\/pl\/p\/spodnie-softshell-cargo-company-czarne\/","title":{"rendered":"Spodnie Softshell Cargo &#8220;Company&#8221; Czarne"},"content":{"rendered":"<p>Bez wzgl\u0119du na to, kim jeste\u015b: zwolennikiem stylu casual, okazjonalnym go\u015bciem na stadionie, oddanym ultrasem czy hardkorowym chuliganem, tradycyjne boj\u00f3wki to element, kt\u00f3ry musisz mie\u0107 w swojej garderobie! Tym razem PGWEAR przedstawia wersj\u0119 tego modelu spodni dedykowan\u0105 na ch\u0142odniejsze dni, wykonan\u0105 z najwy\u017cszej jako\u015bci materia\u0142u typu softshell. Ozdobione logo PGWEAR na bocznych kieszeniach. Produkt dost\u0119pny w dw\u00f3ch wersjach kolorystycznych.<\/p>\n","protected":false},"excerpt":{"rendered":"<p>Bez wzgl\u0119du na to, kim jeste\u015b: zwolennikiem stylu casual, okazjonalnym go\u015bciem na stadionie, oddanym ultrasem czy hardkorowym chuliganem, tradycyjne boj\u00f3wki to element, kt\u00f3ry musisz mie\u0107 w swojej garderobie!<\/p>\n","protected":false},"featured_media":94039,"template":"","meta":{"_acf_changed":false},"product_brand":[],"product_cat":[373],"product_tag":[2297,2837],"class_list":{"0":"post-68969","1":"product","2":"type-product","3":"status-publish","4":"has-post-thumbnail","6":"product_cat-spodnie","7":"product_tag-jesien-zima-2023","8":"product_tag-sale","9":"pa_gramatura-180-gr-m2","10":"pa_kolekcja-jesien-zima-2023","11":"pa_kolor-czarny","12":"pa_kroj-klasyczny","13":"pa_material-100-poliester","14":"pa_rozmiar-l","15":"pa_rozmiar-m","16":"pa_rozmiar-s","17":"pa_rozmiar-xl","18":"pa_rozmiar-xxl","19":"pa_rozmiar-xxxl","20":"feature-bojowki","22":"first","23":"instock","24":"sale","25":"taxable","26":"shipping-taxable","27":"purchasable","28":"product-type-variable"},"acf":[],"_links":{"self":[{"href":"https:\/\/pgwear.net\/pl\/wp-json\/wp\/v2\/product\/68969","targetHints":{"allow":["GET"]}}],"collection":[{"href":"https:\/\/pgwear.net\/pl\/wp-json\/wp\/v2\/product"}],"about":[{"href":"https:\/\/pgwear.net\/pl\/wp-json\/wp\/v2\/types\/product"}],"wp:featuredmedia":[{"embeddable":true,"href":"https:\/\/pgwear.net\/pl\/wp-json\/wp\/v2\/media\/94039"}],"wp:attachment":[{"href":"https:\/\/pgwear.net\/pl\/wp-json\/wp\/v2\/media?parent=68969"}],"wp:term":[{"taxonomy":"product_brand","embeddable":true,"href":"https:\/\/pgwear.net\/pl\/wp-json\/wp\/v2\/product_brand?post=68969"},{"taxonomy":"product_cat","embeddable":true,"href":"https:\/\/pgwear.net\/pl\/wp-json\/wp\/v2\/product_cat?post=68969"},{"taxonomy":"product_tag","embeddable":true,"href":"https:\/\/pgwear.net\/pl\/wp-json\/wp\/v2\/product_tag?post=68969"}],"curies":[{"name":"wp","href":"https:\/\/api.w.org\/{rel}","templated":true}]}}