{"id":68997,"date":"2023-03-16T09:50:14","date_gmt":"2023-03-16T08:50:14","guid":{"rendered":"https:\/\/pgwear.net\/p\/aw23-spodnie-cargo-troop-navy\/"},"modified":"2026-04-21T10:09:25","modified_gmt":"2026-04-21T08:09:25","slug":"spodnie-cargo-troop-granatowe","status":"publish","type":"product","link":"https:\/\/pgwear.net\/pl\/p\/spodnie-cargo-troop-granatowe\/","title":{"rendered":"Spodnie Cargo &#8220;Troop&#8221; Granatowe"},"content":{"rendered":"<p>Klasyczne boj\u00f3wki to niezb\u0119dny element garderoby ka\u017cdego fanatyka pi\u0142ki no\u017cnej. Spodnie te posiadaj\u0105 dwie kieszenie po bokach, dwie klasycznie kieszenie z przodu oraz dwie z ty\u0142u. Spodnie ozdobione sk\u00f3rzanym logo PGWEAR.<\/p>\n","protected":false},"excerpt":{"rendered":"<p>Klasyczne boj\u00f3wki to niezb\u0119dny element garderoby ka\u017cdego fanatyka pi\u0142ki no\u017cnej.<\/p>\n","protected":false},"featured_media":94099,"template":"","meta":{"_acf_changed":false},"product_brand":[],"product_cat":[3500],"product_tag":[2297],"class_list":{"0":"post-68997","1":"product","2":"type-product","3":"status-publish","4":"has-post-thumbnail","6":"product_cat-cargo","7":"product_tag-jesien-zima-2023","8":"pa_gramatura-240-gr-m2","9":"pa_kolekcja-jesien-zima-2023","10":"pa_kolor-granatowy","11":"pa_kroj-klasyczny","12":"pa_material-2-elastan","13":"pa_material-98-bawelna","14":"pa_rozmiar-l","15":"pa_rozmiar-m","16":"pa_rozmiar-s","17":"pa_rozmiar-xl","18":"pa_rozmiar-xxl","19":"pa_rozmiar-xxxl","20":"feature-bojowki","22":"first","23":"instock","24":"taxable","25":"shipping-taxable","26":"purchasable","27":"product-type-variable"},"acf":[],"_links":{"self":[{"href":"https:\/\/pgwear.net\/pl\/wp-json\/wp\/v2\/product\/68997","targetHints":{"allow":["GET"]}}],"collection":[{"href":"https:\/\/pgwear.net\/pl\/wp-json\/wp\/v2\/product"}],"about":[{"href":"https:\/\/pgwear.net\/pl\/wp-json\/wp\/v2\/types\/product"}],"wp:featuredmedia":[{"embeddable":true,"href":"https:\/\/pgwear.net\/pl\/wp-json\/wp\/v2\/media\/94099"}],"wp:attachment":[{"href":"https:\/\/pgwear.net\/pl\/wp-json\/wp\/v2\/media?parent=68997"}],"wp:term":[{"taxonomy":"product_brand","embeddable":true,"href":"https:\/\/pgwear.net\/pl\/wp-json\/wp\/v2\/product_brand?post=68997"},{"taxonomy":"product_cat","embeddable":true,"href":"https:\/\/pgwear.net\/pl\/wp-json\/wp\/v2\/product_cat?post=68997"},{"taxonomy":"product_tag","embeddable":true,"href":"https:\/\/pgwear.net\/pl\/wp-json\/wp\/v2\/product_tag?post=68997"}],"curies":[{"name":"wp","href":"https:\/\/api.w.org\/{rel}","templated":true}]}}