{"id":69025,"date":"2023-03-16T09:50:19","date_gmt":"2023-03-16T08:50:19","guid":{"rendered":"https:\/\/pgwear.net\/p\/aw23-t-shirt-locals-only-black\/"},"modified":"2026-03-17T14:34:40","modified_gmt":"2026-03-17T13:34:40","slug":"t-shirt-locals-only-czarny","status":"publish","type":"product","link":"https:\/\/pgwear.net\/pl\/p\/t-shirt-locals-only-czarny\/","title":{"rendered":"T-shirt &#8220;Locals Only&#8221; Czarny"},"content":{"rendered":"<p>Ka\u017cda aktywna trybuna na stadionie sk\u0142ada si\u0119 mniej wi\u0119cej z tych trzech typ\u00f3w ludzi: okazyjnych fan\u00f3w pi\u0142ki no\u017cnej, oddanych ultras\u00f3w i zagorza\u0142ych chuligan\u00f3w pi\u0142karskich. Nasz ruch nie mo\u017ce dobrze funkcjonowa\u0107, je\u015bli brakuje nam przynajmniej jednej z tych grup! To w\u0142a\u015bnie oznacza nadruk na koszulce PGWEAR. Klasyczny kr\u00f3j, efektowny nadruk z przodu. TYLKO LOKALSI!<\/p>\n","protected":false},"excerpt":{"rendered":"<p>Ka\u017cda aktywna trybuna na stadionie sk\u0142ada si\u0119 mniej wi\u0119cej z tych trzech typ\u00f3w ludzi: okazyjnych fan\u00f3w pi\u0142ki no\u017cnej, oddanych ultras\u00f3w i zagorza\u0142ych chuligan\u00f3w pi\u0142karskich.<\/p>\n","protected":false},"featured_media":89500,"template":"","meta":{"_acf_changed":false},"product_brand":[],"product_cat":[372],"product_tag":[3839,2297,3277,2837],"class_list":{"0":"post-69025","1":"product","2":"type-product","3":"status-publish","4":"has-post-thumbnail","6":"product_cat-t-shirty","7":"product_tag-blue-monday","8":"product_tag-jesien-zima-2023","9":"product_tag-ostatnie-sztuki","10":"product_tag-sale","11":"pa_gramatura-180-gr-m2","12":"pa_kolekcja-jesien-zima-2023","13":"pa_kolor-czarny","14":"pa_kroj-klasyczny","15":"pa_material-100-bawelna","16":"pa_nadruk-duzy-nadruk-na-klatce-piersiowej","17":"pa_rozmiar-l","18":"pa_rozmiar-m","19":"pa_rozmiar-s","20":"pa_rozmiar-xl","21":"pa_rozmiar-xxl","22":"pa_rozmiar-xxxl","24":"first","25":"outofstock","26":"taxable","27":"shipping-taxable","28":"product-type-variable"},"acf":[],"_links":{"self":[{"href":"https:\/\/pgwear.net\/pl\/wp-json\/wp\/v2\/product\/69025","targetHints":{"allow":["GET"]}}],"collection":[{"href":"https:\/\/pgwear.net\/pl\/wp-json\/wp\/v2\/product"}],"about":[{"href":"https:\/\/pgwear.net\/pl\/wp-json\/wp\/v2\/types\/product"}],"wp:featuredmedia":[{"embeddable":true,"href":"https:\/\/pgwear.net\/pl\/wp-json\/wp\/v2\/media\/89500"}],"wp:attachment":[{"href":"https:\/\/pgwear.net\/pl\/wp-json\/wp\/v2\/media?parent=69025"}],"wp:term":[{"taxonomy":"product_brand","embeddable":true,"href":"https:\/\/pgwear.net\/pl\/wp-json\/wp\/v2\/product_brand?post=69025"},{"taxonomy":"product_cat","embeddable":true,"href":"https:\/\/pgwear.net\/pl\/wp-json\/wp\/v2\/product_cat?post=69025"},{"taxonomy":"product_tag","embeddable":true,"href":"https:\/\/pgwear.net\/pl\/wp-json\/wp\/v2\/product_tag?post=69025"}],"curies":[{"name":"wp","href":"https:\/\/api.w.org\/{rel}","templated":true}]}}