{"id":69032,"date":"2023-03-16T09:50:20","date_gmt":"2023-03-16T08:50:20","guid":{"rendered":"https:\/\/pgwear.net\/p\/aw23-t-shirt-adventure-white\/"},"modified":"2026-04-20T11:21:24","modified_gmt":"2026-04-20T09:21:24","slug":"t-shirt-adventure-bialy","status":"publish","type":"product","link":"https:\/\/pgwear.net\/pl\/p\/t-shirt-adventure-bialy\/","title":{"rendered":"T-shirt &#8220;Adventure&#8221; Bia\u0142y"},"content":{"rendered":"<p>Czy jest co\u015b lepszego ni\u017c sp\u0119dzenie weekendu poza domem? I wspieranie ukochanej dru\u017cyny pi\u0142karskiej? Jeste\u015bmy zdania,\u017ce NIE! Bo to jest duch przygody! Chwy\u0107 piwo, spotkaj si\u0119 z lojalnymi przyjaci\u00f3\u0142mi, wskocz do autobusu i przygotuj si\u0119 na najlepsze dni &#8211; dni wyjazdowe!<\/p>\n","protected":false},"excerpt":{"rendered":"<p>Czy jest co\u015b lepszego ni\u017c sp\u0119dzenie weekendu poza domem? I wspieranie ukochanej dru\u017cyny pi\u0142karskiej? Jeste\u015bmy zdania,\u017ce NIE!<\/p>\n","protected":false},"featured_media":89521,"template":"","meta":{"_acf_changed":false},"product_brand":[],"product_cat":[372],"product_tag":[3839,2297,3277,2837],"class_list":{"0":"post-69032","1":"product","2":"type-product","3":"status-publish","4":"has-post-thumbnail","6":"product_cat-t-shirty","7":"product_tag-blue-monday","8":"product_tag-jesien-zima-2023","9":"product_tag-ostatnie-sztuki","10":"product_tag-sale","11":"pa_gramatura-180-gr-m2","12":"pa_kolekcja-jesien-zima-2023","13":"pa_kolor-bialy","14":"pa_kroj-klasyczny","15":"pa_material-100-bawelna","16":"pa_nadruk-duzy-nadruk-na-klatce-piersiowej","17":"pa_rozmiar-l","18":"pa_rozmiar-m","19":"pa_rozmiar-s","20":"pa_rozmiar-xl","21":"pa_rozmiar-xxl","22":"pa_rozmiar-xxxl","23":"feature-motyw-kominiarki","24":"feature-motyw-pyro","25":"feature-wyjazd","27":"first","28":"instock","29":"sale","30":"taxable","31":"shipping-taxable","32":"purchasable","33":"product-type-variable"},"acf":[],"_links":{"self":[{"href":"https:\/\/pgwear.net\/pl\/wp-json\/wp\/v2\/product\/69032","targetHints":{"allow":["GET"]}}],"collection":[{"href":"https:\/\/pgwear.net\/pl\/wp-json\/wp\/v2\/product"}],"about":[{"href":"https:\/\/pgwear.net\/pl\/wp-json\/wp\/v2\/types\/product"}],"wp:featuredmedia":[{"embeddable":true,"href":"https:\/\/pgwear.net\/pl\/wp-json\/wp\/v2\/media\/89521"}],"wp:attachment":[{"href":"https:\/\/pgwear.net\/pl\/wp-json\/wp\/v2\/media?parent=69032"}],"wp:term":[{"taxonomy":"product_brand","embeddable":true,"href":"https:\/\/pgwear.net\/pl\/wp-json\/wp\/v2\/product_brand?post=69032"},{"taxonomy":"product_cat","embeddable":true,"href":"https:\/\/pgwear.net\/pl\/wp-json\/wp\/v2\/product_cat?post=69032"},{"taxonomy":"product_tag","embeddable":true,"href":"https:\/\/pgwear.net\/pl\/wp-json\/wp\/v2\/product_tag?post=69032"}],"curies":[{"name":"wp","href":"https:\/\/api.w.org\/{rel}","templated":true}]}}