{"id":69039,"date":"2023-03-16T09:50:21","date_gmt":"2023-03-16T08:50:21","guid":{"rendered":"https:\/\/pgwear.net\/p\/aw23-t-shirt-cttw-white\/"},"modified":"2026-03-25T11:31:24","modified_gmt":"2026-03-25T10:31:24","slug":"t-shirt-cttw-bialy","status":"publish","type":"product","link":"https:\/\/pgwear.net\/pl\/p\/t-shirt-cttw-bialy\/","title":{"rendered":"T-shirt &#8220;CTTW&#8221; Bia\u0142y"},"content":{"rendered":"<p>Ultrasi, chuligani, mi\u0142o\u015bnicy stylu casual czy okazjonalni bywalcy stadionu&#8230; Pyro i piwo &#8211; te dwie rzeczy \u0142\u0105cz\u0105 nas wszystkich i s\u0105 nieodzown\u0105 cz\u0119\u015bci\u0105 udanego weekendu! Taki jest styl \u017cycia naszych Ultras\u00f3w \u2013 o tym jest ten nadruk PGWEAR! Pozdrowienia z weekendu!<\/p>\n","protected":false},"excerpt":{"rendered":"<p>Ultrasi, chuligani, mi\u0142o\u015bnicy stylu casual czy okazjonalni bywalcy stadionu&#8230; Pyro i piwo &#8211; te dwie rzeczy \u0142\u0105cz\u0105 nas wszystkich i s\u0105 nieodzown\u0105 cz\u0119\u015bci\u0105 udanego weekendu!<\/p>\n","protected":false},"featured_media":89541,"template":"","meta":{"_acf_changed":false},"product_brand":[],"product_cat":[372],"product_tag":[3839,2297,3277,2837],"class_list":{"0":"post-69039","1":"product","2":"type-product","3":"status-publish","4":"has-post-thumbnail","6":"product_cat-t-shirty","7":"product_tag-blue-monday","8":"product_tag-jesien-zima-2023","9":"product_tag-ostatnie-sztuki","10":"product_tag-sale","11":"pa_gramatura-180-gr-m2","12":"pa_kolekcja-jesien-zima-2023","13":"pa_kolor-bialy","14":"pa_kroj-klasyczny","15":"pa_material-100-bawelna","16":"pa_nadruk-duzy-nadruk-na-klatce-piersiowej","17":"pa_rozmiar-l","18":"pa_rozmiar-m","19":"pa_rozmiar-s","20":"pa_rozmiar-xl","21":"pa_rozmiar-xxl","22":"pa_rozmiar-xxxl","23":"feature-motyw-piwa","24":"feature-motyw-pyro","26":"first","27":"instock","28":"sale","29":"taxable","30":"shipping-taxable","31":"purchasable","32":"product-type-variable"},"acf":[],"_links":{"self":[{"href":"https:\/\/pgwear.net\/pl\/wp-json\/wp\/v2\/product\/69039","targetHints":{"allow":["GET"]}}],"collection":[{"href":"https:\/\/pgwear.net\/pl\/wp-json\/wp\/v2\/product"}],"about":[{"href":"https:\/\/pgwear.net\/pl\/wp-json\/wp\/v2\/types\/product"}],"wp:featuredmedia":[{"embeddable":true,"href":"https:\/\/pgwear.net\/pl\/wp-json\/wp\/v2\/media\/89541"}],"wp:attachment":[{"href":"https:\/\/pgwear.net\/pl\/wp-json\/wp\/v2\/media?parent=69039"}],"wp:term":[{"taxonomy":"product_brand","embeddable":true,"href":"https:\/\/pgwear.net\/pl\/wp-json\/wp\/v2\/product_brand?post=69039"},{"taxonomy":"product_cat","embeddable":true,"href":"https:\/\/pgwear.net\/pl\/wp-json\/wp\/v2\/product_cat?post=69039"},{"taxonomy":"product_tag","embeddable":true,"href":"https:\/\/pgwear.net\/pl\/wp-json\/wp\/v2\/product_tag?post=69039"}],"curies":[{"name":"wp","href":"https:\/\/api.w.org\/{rel}","templated":true}]}}