{"id":69053,"date":"2023-03-16T09:50:24","date_gmt":"2023-03-16T08:50:24","guid":{"rendered":"https:\/\/pgwear.net\/p\/aw23-t-shirt-emblem-flares-black\/"},"modified":"2026-04-07T13:36:19","modified_gmt":"2026-04-07T11:36:19","slug":"t-shirt-emblem-flares-czarny","status":"publish","type":"product","link":"https:\/\/pgwear.net\/pl\/p\/t-shirt-emblem-flares-czarny\/","title":{"rendered":"T-shirt &#8220;Emblem Flares&#8221; Czarny"},"content":{"rendered":"<p>Swobodny, wysokiej jako\u015bci <a href=\"https:\/\/pgwear.net\/pl\/material\/100-bawelna\/\">bawe\u0142niany<\/a> <a href=\"https:\/\/pgwear.net\/pl\/c\/t-shirty\/\">T-shirt<\/a> ozdobiony jest <a href=\"https:\/\/pgwear.net\/pl\/feature\/motyw-gryfa\/\">gryfem<\/a> &#8211; symbolem PGWEAR, kt\u00f3ry pochodzi z <a href=\"https:\/\/pgwear.net\/pl\/feature\/motyw-pyro\/\">oprawy pirotechnicznej<\/a>. Bo od zagorza\u0142ego cz\u0142onka ruchu Ultras po okazjonalnego kibica pi\u0142ki no\u017cnej, od starego do m\u0142odego, od ojca do syna &#8211; ka\u017cdy wie, \u017ce PYRO NIE JEST ZBRODNI\u0104! To cz\u0119\u015b\u0107 stylu \u017cycia ultras\u00f3w! No\u015b t\u0105 koszulk\u0119 dumnie zar\u00f3wno na ulicy, jak i na stadionie!<\/p>\n","protected":false},"excerpt":{"rendered":"<p>Swobodny, wysokiej jako\u015bci bawe\u0142niany T-shirt ozdobiony jest gryfem &#8211; symbolem PGWEAR, kt\u00f3ry pochodzi z oprawy pirotechnicznej.<\/p>\n","protected":false},"featured_media":95484,"template":"","meta":{"_acf_changed":false},"product_brand":[],"product_cat":[3496],"product_tag":[2297,3277],"class_list":{"0":"post-69053","1":"product","2":"type-product","3":"status-publish","4":"has-post-thumbnail","6":"product_cat-casual","7":"product_tag-jesien-zima-2023","8":"product_tag-ostatnie-sztuki","9":"pa_gramatura-180-gr-m2","10":"pa_kolekcja-jesien-zima-2023","11":"pa_kolor-czarny","12":"pa_kroj-klasyczny","13":"pa_material-100-bawelna","14":"pa_nadruk-duzy-nadruk-na-klatce-piersiowej","15":"pa_rozmiar-l","16":"pa_rozmiar-m","17":"pa_rozmiar-s","18":"pa_rozmiar-xl","19":"pa_rozmiar-xxl","20":"pa_rozmiar-xxxl","21":"feature-motyw-pyro","23":"first","24":"outofstock","25":"taxable","26":"shipping-taxable","27":"product-type-variable"},"acf":[],"_links":{"self":[{"href":"https:\/\/pgwear.net\/pl\/wp-json\/wp\/v2\/product\/69053","targetHints":{"allow":["GET"]}}],"collection":[{"href":"https:\/\/pgwear.net\/pl\/wp-json\/wp\/v2\/product"}],"about":[{"href":"https:\/\/pgwear.net\/pl\/wp-json\/wp\/v2\/types\/product"}],"wp:featuredmedia":[{"embeddable":true,"href":"https:\/\/pgwear.net\/pl\/wp-json\/wp\/v2\/media\/95484"}],"wp:attachment":[{"href":"https:\/\/pgwear.net\/pl\/wp-json\/wp\/v2\/media?parent=69053"}],"wp:term":[{"taxonomy":"product_brand","embeddable":true,"href":"https:\/\/pgwear.net\/pl\/wp-json\/wp\/v2\/product_brand?post=69053"},{"taxonomy":"product_cat","embeddable":true,"href":"https:\/\/pgwear.net\/pl\/wp-json\/wp\/v2\/product_cat?post=69053"},{"taxonomy":"product_tag","embeddable":true,"href":"https:\/\/pgwear.net\/pl\/wp-json\/wp\/v2\/product_tag?post=69053"}],"curies":[{"name":"wp","href":"https:\/\/api.w.org\/{rel}","templated":true}]}}