{"id":69109,"date":"2023-03-16T09:50:34","date_gmt":"2023-03-16T08:50:34","guid":{"rendered":"https:\/\/pgwear.net\/p\/aw23-t-shirt-outfit-black\/"},"modified":"2026-04-08T08:24:38","modified_gmt":"2026-04-08T06:24:38","slug":"t-shirt-outfit-czarny","status":"publish","type":"product","link":"https:\/\/pgwear.net\/pl\/p\/t-shirt-outfit-czarny\/","title":{"rendered":"T-shirt &#8220;Outfit&#8221; Czarny"},"content":{"rendered":"<p>Jakie s\u0105 najwa\u017cniejsze elementy ubioru na mecz? Odpowiednia <a href=\"https:\/\/pgwear.net\/pl\/c\/kurtki\/\">kurtka<\/a>, <a href=\"https:\/\/pgwear.net\/pl\/c\/czapki\/\">czapka<\/a> z daszkiem, wygodne <a href=\"http:\/\/spodnie boj\u00f3wki\" rel=\"nofollow\">spodnie boj\u00f3wki<\/a>, <a href=\"https:\/\/pgwear.net\/pl\/c\/t-shirty\/\">t-shirt z nadrukiem<\/a> w stylu ultras i para \u0142adnych sneakers\u00f3w! A tak\u017ce ma\u0142y dodatek do tego zestawu &#8211; kilka <a href=\"https:\/\/pgwear.net\/pl\/feature\/motyw-pyro\/\">rac do kieszeni<\/a> i piwo w jednej r\u0119ce!<\/p>\n","protected":false},"excerpt":{"rendered":"<p>Jakie s\u0105 najwa\u017cniejsze elementy ubioru na mecz? Odpowiednia kurtka, czapka z daszkiem, wygodne spodnie boj\u00f3wki, t-shirt z nadrukiem w stylu ultras i para \u0142adnych sneakers\u00f3w!<\/p>\n","protected":false},"featured_media":89765,"template":"","meta":{"_acf_changed":false},"product_brand":[],"product_cat":[372],"product_tag":[3839,2297,3277,2837],"class_list":{"0":"post-69109","1":"product","2":"type-product","3":"status-publish","4":"has-post-thumbnail","6":"product_cat-t-shirty","7":"product_tag-blue-monday","8":"product_tag-jesien-zima-2023","9":"product_tag-ostatnie-sztuki","10":"product_tag-sale","11":"pa_gramatura-180-gr-m2","12":"pa_kolekcja-jesien-zima-2023","13":"pa_kolor-czarny","14":"pa_kroj-klasyczny","15":"pa_material-100-bawelna","16":"pa_rozmiar-l","17":"pa_rozmiar-m","18":"pa_rozmiar-s","19":"pa_rozmiar-xl","20":"pa_rozmiar-xxl","21":"pa_rozmiar-xxxl","22":"feature-motyw-pyro","23":"feature-wyjazd","25":"first","26":"instock","27":"sale","28":"taxable","29":"shipping-taxable","30":"purchasable","31":"product-type-variable"},"acf":[],"_links":{"self":[{"href":"https:\/\/pgwear.net\/pl\/wp-json\/wp\/v2\/product\/69109","targetHints":{"allow":["GET"]}}],"collection":[{"href":"https:\/\/pgwear.net\/pl\/wp-json\/wp\/v2\/product"}],"about":[{"href":"https:\/\/pgwear.net\/pl\/wp-json\/wp\/v2\/types\/product"}],"wp:featuredmedia":[{"embeddable":true,"href":"https:\/\/pgwear.net\/pl\/wp-json\/wp\/v2\/media\/89765"}],"wp:attachment":[{"href":"https:\/\/pgwear.net\/pl\/wp-json\/wp\/v2\/media?parent=69109"}],"wp:term":[{"taxonomy":"product_brand","embeddable":true,"href":"https:\/\/pgwear.net\/pl\/wp-json\/wp\/v2\/product_brand?post=69109"},{"taxonomy":"product_cat","embeddable":true,"href":"https:\/\/pgwear.net\/pl\/wp-json\/wp\/v2\/product_cat?post=69109"},{"taxonomy":"product_tag","embeddable":true,"href":"https:\/\/pgwear.net\/pl\/wp-json\/wp\/v2\/product_tag?post=69109"}],"curies":[{"name":"wp","href":"https:\/\/api.w.org\/{rel}","templated":true}]}}