{"id":69116,"date":"2023-03-16T09:50:35","date_gmt":"2023-03-16T08:50:35","guid":{"rendered":"https:\/\/pgwear.net\/p\/aw23-polo-pique-mustard\/"},"modified":"2026-03-06T11:58:17","modified_gmt":"2026-03-06T10:58:17","slug":"aw23-polo-pique-mustard","status":"publish","type":"product","link":"https:\/\/pgwear.net\/pl\/p\/aw23-polo-pique-mustard\/","title":{"rendered":"Polo &#8220;Pique&#8221; Mustard"},"content":{"rendered":"<p>Ikona casualowych klasyk\u00f3w od lat 80. do dzi\u015b &#8211; koszulka polo! Ozdobiona logo PGWEAR to idealna cz\u0119\u015b\u0107 garderoby dla ka\u017cdego fana pi\u0142ki no\u017cnej do noszenia na ulicy, na stadionie czy gdziekolwiek indziej! Doskonale b\u0119dzie wygl\u0105da\u0107 na trybunach SG Dynamo Dresden, FC Carl Zeiss Jena, 1. FC Lokomotive Leipzig, AIK Fotboll itp.<\/p>\n","protected":false},"excerpt":{"rendered":"<p>Ikona casualowych klasyk\u00f3w od lat 80. do dzi\u015b &#8211; koszulka polo! Ozdobiona logo PGWEAR to idealna cz\u0119\u015b\u0107 garderoby dla ka\u017cdego fana pi\u0142ki no\u017cnej do noszenia na ulicy, na stadionie czy gdziekolwiek indziej!<\/p>\n","protected":false},"featured_media":89781,"template":"","meta":{"_acf_changed":false},"product_brand":[],"product_cat":[367],"product_tag":[2297,3277],"class_list":{"0":"post-69116","1":"product","2":"type-product","3":"status-publish","4":"has-post-thumbnail","6":"product_cat-polo","7":"product_tag-jesien-zima-2023","8":"product_tag-ostatnie-sztuki","9":"pa_gramatura-210-gr-m2","10":"pa_gramatura-czarny-zolty","11":"pa_kolekcja-jesien-zima-2023","12":"pa_kolor-czarny-zolty","13":"pa_kroj-klasyczny","14":"pa_material-100-bawelna","15":"pa_rozmiar-l","16":"pa_rozmiar-m","17":"pa_rozmiar-s","18":"pa_rozmiar-xl","19":"pa_rozmiar-xxl","20":"pa_rozmiar-xxxl","22":"first","23":"outofstock","24":"taxable","25":"shipping-taxable","26":"product-type-variable"},"acf":[],"_links":{"self":[{"href":"https:\/\/pgwear.net\/pl\/wp-json\/wp\/v2\/product\/69116","targetHints":{"allow":["GET"]}}],"collection":[{"href":"https:\/\/pgwear.net\/pl\/wp-json\/wp\/v2\/product"}],"about":[{"href":"https:\/\/pgwear.net\/pl\/wp-json\/wp\/v2\/types\/product"}],"wp:featuredmedia":[{"embeddable":true,"href":"https:\/\/pgwear.net\/pl\/wp-json\/wp\/v2\/media\/89781"}],"wp:attachment":[{"href":"https:\/\/pgwear.net\/pl\/wp-json\/wp\/v2\/media?parent=69116"}],"wp:term":[{"taxonomy":"product_brand","embeddable":true,"href":"https:\/\/pgwear.net\/pl\/wp-json\/wp\/v2\/product_brand?post=69116"},{"taxonomy":"product_cat","embeddable":true,"href":"https:\/\/pgwear.net\/pl\/wp-json\/wp\/v2\/product_cat?post=69116"},{"taxonomy":"product_tag","embeddable":true,"href":"https:\/\/pgwear.net\/pl\/wp-json\/wp\/v2\/product_tag?post=69116"}],"curies":[{"name":"wp","href":"https:\/\/api.w.org\/{rel}","templated":true}]}}