{"id":69123,"date":"2023-03-16T09:50:36","date_gmt":"2023-03-16T08:50:36","guid":{"rendered":"https:\/\/pgwear.net\/p\/aw23-polo-pique-olive\/"},"modified":"2026-03-06T11:58:17","modified_gmt":"2026-03-06T10:58:17","slug":"aw23-polo-pique-olive","status":"publish","type":"product","link":"https:\/\/pgwear.net\/pl\/p\/aw23-polo-pique-olive\/","title":{"rendered":"Polo &#8220;Pique&#8221; Oliwkowe"},"content":{"rendered":"<p>Ikona casualowej klasyki od lat 80. do dzi\u015b \u2013 koszulka polo! Ozdobiony logo PGWEAR to idealny element garderoby ka\u017cdego fana pi\u0142ki no\u017cnej, kt\u00f3ry mo\u017cna nosi\u0107 na ulicy, na stadionie i nie tylko! Dost\u0119pny w kolorze oliwkowym!<\/p>\n","protected":false},"excerpt":{"rendered":"<p>Ikona casualowej klasyki od lat 80. do dzi\u015b \u2013 koszulka polo! Ozdobiony logo PGWEAR to idealny element garderoby ka\u017cdego fana pi\u0142ki no\u017cnej<\/p>\n","protected":false},"featured_media":89802,"template":"","meta":{"_acf_changed":false},"product_brand":[],"product_cat":[367],"product_tag":[2297,3277],"class_list":{"0":"post-69123","1":"product","2":"type-product","3":"status-publish","4":"has-post-thumbnail","6":"product_cat-polo","7":"product_tag-jesien-zima-2023","8":"product_tag-ostatnie-sztuki","9":"pa_gramatura-210-gr-m2","10":"pa_kolekcja-jesien-zima-2023","11":"pa_kolor-czarny-oliwkowy","12":"pa_kroj-klasyczny","13":"pa_material-100-bawelna","14":"pa_rozmiar-l","15":"pa_rozmiar-m","16":"pa_rozmiar-s","17":"pa_rozmiar-xl","18":"pa_rozmiar-xxl","19":"pa_rozmiar-xxxl","21":"first","22":"outofstock","23":"taxable","24":"shipping-taxable","25":"product-type-variable"},"acf":[],"_links":{"self":[{"href":"https:\/\/pgwear.net\/pl\/wp-json\/wp\/v2\/product\/69123","targetHints":{"allow":["GET"]}}],"collection":[{"href":"https:\/\/pgwear.net\/pl\/wp-json\/wp\/v2\/product"}],"about":[{"href":"https:\/\/pgwear.net\/pl\/wp-json\/wp\/v2\/types\/product"}],"wp:featuredmedia":[{"embeddable":true,"href":"https:\/\/pgwear.net\/pl\/wp-json\/wp\/v2\/media\/89802"}],"wp:attachment":[{"href":"https:\/\/pgwear.net\/pl\/wp-json\/wp\/v2\/media?parent=69123"}],"wp:term":[{"taxonomy":"product_brand","embeddable":true,"href":"https:\/\/pgwear.net\/pl\/wp-json\/wp\/v2\/product_brand?post=69123"},{"taxonomy":"product_cat","embeddable":true,"href":"https:\/\/pgwear.net\/pl\/wp-json\/wp\/v2\/product_cat?post=69123"},{"taxonomy":"product_tag","embeddable":true,"href":"https:\/\/pgwear.net\/pl\/wp-json\/wp\/v2\/product_tag?post=69123"}],"curies":[{"name":"wp","href":"https:\/\/api.w.org\/{rel}","templated":true}]}}