{"id":69130,"date":"2023-03-16T09:50:37","date_gmt":"2023-03-16T08:50:37","guid":{"rendered":"https:\/\/pgwear.net\/p\/aw23-polo-pique-black-grey\/"},"modified":"2026-03-06T11:58:17","modified_gmt":"2026-03-06T10:58:17","slug":"aw23-polo-pique-black-grey","status":"publish","type":"product","link":"https:\/\/pgwear.net\/pl\/p\/aw23-polo-pique-black-grey\/","title":{"rendered":"Polo &#8220;Pique&#8221; Czarno &#8211; Szare"},"content":{"rendered":"<p>Ikona casualowych klasyk\u00f3w od lat 80. do dzi\u015b &#8211; koszulka polo! Ozdobiona logo PGWEAR, to idealna cz\u0119\u015b\u0107 garderoby dla ka\u017cdego fana pi\u0142ki no\u017cnej do noszenia na ulicy, na stadionie i gdziekolwiek indziej! Dost\u0119pny w kolorze czarnym i szarym!<\/p>\n","protected":false},"excerpt":{"rendered":"<p>Ikona casualowych klasyk\u00f3w od lat 80. do dzi\u015b &#8211; koszulka polo! Ozdobiona logo PGWEAR, to idealna cz\u0119\u015b\u0107 garderoby dla ka\u017cdego fana pi\u0142ki no\u017cnej<\/p>\n","protected":false},"featured_media":89820,"template":"","meta":{"_acf_changed":false},"product_brand":[],"product_cat":[367],"product_tag":[2297,3277],"class_list":{"0":"post-69130","1":"product","2":"type-product","3":"status-publish","4":"has-post-thumbnail","6":"product_cat-polo","7":"product_tag-jesien-zima-2023","8":"product_tag-ostatnie-sztuki","9":"pa_gramatura-210-gr-m2","10":"pa_kolekcja-jesien-zima-2023","11":"pa_kolor-czarny-szary","12":"pa_kroj-klasyczny","13":"pa_material-100-bawelna","14":"pa_rozmiar-l","15":"pa_rozmiar-m","16":"pa_rozmiar-s","17":"pa_rozmiar-xl","18":"pa_rozmiar-xxl","19":"pa_rozmiar-xxxl","21":"first","22":"outofstock","23":"taxable","24":"shipping-taxable","25":"product-type-variable"},"acf":[],"_links":{"self":[{"href":"https:\/\/pgwear.net\/pl\/wp-json\/wp\/v2\/product\/69130","targetHints":{"allow":["GET"]}}],"collection":[{"href":"https:\/\/pgwear.net\/pl\/wp-json\/wp\/v2\/product"}],"about":[{"href":"https:\/\/pgwear.net\/pl\/wp-json\/wp\/v2\/types\/product"}],"wp:featuredmedia":[{"embeddable":true,"href":"https:\/\/pgwear.net\/pl\/wp-json\/wp\/v2\/media\/89820"}],"wp:attachment":[{"href":"https:\/\/pgwear.net\/pl\/wp-json\/wp\/v2\/media?parent=69130"}],"wp:term":[{"taxonomy":"product_brand","embeddable":true,"href":"https:\/\/pgwear.net\/pl\/wp-json\/wp\/v2\/product_brand?post=69130"},{"taxonomy":"product_cat","embeddable":true,"href":"https:\/\/pgwear.net\/pl\/wp-json\/wp\/v2\/product_cat?post=69130"},{"taxonomy":"product_tag","embeddable":true,"href":"https:\/\/pgwear.net\/pl\/wp-json\/wp\/v2\/product_tag?post=69130"}],"curies":[{"name":"wp","href":"https:\/\/api.w.org\/{rel}","templated":true}]}}