{"id":69137,"date":"2023-03-16T09:50:38","date_gmt":"2023-03-16T08:50:38","guid":{"rendered":"https:\/\/pgwear.net\/p\/aw23-sweter-anonymous-black\/"},"modified":"2026-03-06T11:58:17","modified_gmt":"2026-03-06T10:58:17","slug":"aw23-sweter-anonymous-black","status":"publish","type":"product","link":"https:\/\/pgwear.net\/pl\/p\/aw23-sweter-anonymous-black\/","title":{"rendered":"Sweter &#8220;Clive&#8221; Czarny"},"content":{"rendered":"<p>Na ch\u0142odniejsze wieczory z wiernymi przyjaci\u00f3\u0142mi w pubie lub na wyjazdowe mecze. Ten minimalistyczny, swobodny element garderoby pasuje do ka\u017cdego outfitu, czy jeste\u015b w domu, czy na wyje\u017adzie, na meczu lub na randce, na ulicy lub na stadionie! No\u015b sweter CLIVE wsz\u0119dzie!<\/p>\n","protected":false},"excerpt":{"rendered":"<p>Na ch\u0142odniejsze wieczory z wiernymi przyjaci\u00f3\u0142mi w pubie lub na wyjazdowe mecze.<\/p>\n","protected":false},"featured_media":92659,"template":"","meta":{"_acf_changed":false},"product_brand":[],"product_cat":[368],"product_tag":[2297],"class_list":{"0":"post-69137","1":"product","2":"type-product","3":"status-publish","4":"has-post-thumbnail","6":"product_cat-swetry","7":"product_tag-jesien-zima-2023","8":"pa_gramatura-290-gr-m2","9":"pa_kolekcja-jesien-zima-2023","10":"pa_kolor-czarny","11":"pa_kroj-klasyczny","12":"pa_material-50-bawelna","13":"pa_material-50-poliester","14":"pa_rozmiar-l","15":"pa_rozmiar-m","16":"pa_rozmiar-s","17":"pa_rozmiar-xl","18":"pa_rozmiar-xxl","19":"pa_rozmiar-xxxl","21":"first","22":"instock","23":"taxable","24":"shipping-taxable","25":"purchasable","26":"product-type-variable"},"acf":[],"_links":{"self":[{"href":"https:\/\/pgwear.net\/pl\/wp-json\/wp\/v2\/product\/69137","targetHints":{"allow":["GET"]}}],"collection":[{"href":"https:\/\/pgwear.net\/pl\/wp-json\/wp\/v2\/product"}],"about":[{"href":"https:\/\/pgwear.net\/pl\/wp-json\/wp\/v2\/types\/product"}],"wp:featuredmedia":[{"embeddable":true,"href":"https:\/\/pgwear.net\/pl\/wp-json\/wp\/v2\/media\/92659"}],"wp:attachment":[{"href":"https:\/\/pgwear.net\/pl\/wp-json\/wp\/v2\/media?parent=69137"}],"wp:term":[{"taxonomy":"product_brand","embeddable":true,"href":"https:\/\/pgwear.net\/pl\/wp-json\/wp\/v2\/product_brand?post=69137"},{"taxonomy":"product_cat","embeddable":true,"href":"https:\/\/pgwear.net\/pl\/wp-json\/wp\/v2\/product_cat?post=69137"},{"taxonomy":"product_tag","embeddable":true,"href":"https:\/\/pgwear.net\/pl\/wp-json\/wp\/v2\/product_tag?post=69137"}],"curies":[{"name":"wp","href":"https:\/\/api.w.org\/{rel}","templated":true}]}}