{"id":69144,"date":"2023-03-16T09:50:39","date_gmt":"2023-03-16T08:50:39","guid":{"rendered":"https:\/\/pgwear.net\/p\/aw23-bluza-passion-is-not-a-crime-black\/"},"modified":"2026-04-09T09:48:17","modified_gmt":"2026-04-09T07:48:17","slug":"aw23-bluza-passion-is-not-a-crime-black","status":"publish","type":"product","link":"https:\/\/pgwear.net\/pl\/p\/aw23-bluza-passion-is-not-a-crime-black\/","title":{"rendered":"Bluza &#8220;Passion is not a crime&#8221; Czarna"},"content":{"rendered":"<p>Wspieranie ukochanej dru\u017cyny u siebie lub na wyje\u017adzie poprzez g\u0142o\u015bne kibicowanie, wymachiwanie flagami, tifosi na trybunach, oppalanie pyro&#8230; to nasza pasja! A nasza PASJA NIE JEST ZBRODNI\u0104! Rozpowszechniaj t\u0119 wiadomo\u015b\u0107 na ulicach i stadionach, nosz\u0105c t\u0119 \u200b\u200bbluz\u0119 od PGWEAR!<\/p>\n","protected":false},"excerpt":{"rendered":"<p>Wspieranie ukochanej dru\u017cyny u siebie lub na wyje\u017adzie poprzez g\u0142o\u015bne kibicowanie, wymachiwanie flagami, tifosi na trybunach, oppalanie pyro&#8230; to nasza pasja!<\/p>\n","protected":false},"featured_media":89842,"template":"","meta":{"_acf_changed":false},"product_brand":[],"product_cat":[371],"product_tag":[3839,2297,3277],"class_list":{"0":"post-69144","1":"product","2":"type-product","3":"status-publish","4":"has-post-thumbnail","6":"product_cat-bluzy","7":"product_tag-blue-monday","8":"product_tag-jesien-zima-2023","9":"product_tag-ostatnie-sztuki","10":"pa_gramatura-290-gr-m2","11":"pa_kolekcja-jesien-zima-2023","12":"pa_kolor-czarny","13":"pa_kroj-raglan","14":"pa_material-100-bawelna","15":"pa_nadruk-duzy-nadruk-na-klatce-piersiowej","16":"pa_rozmiar-l","17":"pa_rozmiar-m","18":"pa_rozmiar-s","19":"pa_rozmiar-xl","20":"pa_rozmiar-xxl","21":"pa_rozmiar-xxxl","22":"feature-motyw-pyro","24":"first","25":"instock","26":"sale","27":"taxable","28":"shipping-taxable","29":"purchasable","30":"product-type-variable"},"acf":[],"_links":{"self":[{"href":"https:\/\/pgwear.net\/pl\/wp-json\/wp\/v2\/product\/69144","targetHints":{"allow":["GET"]}}],"collection":[{"href":"https:\/\/pgwear.net\/pl\/wp-json\/wp\/v2\/product"}],"about":[{"href":"https:\/\/pgwear.net\/pl\/wp-json\/wp\/v2\/types\/product"}],"wp:featuredmedia":[{"embeddable":true,"href":"https:\/\/pgwear.net\/pl\/wp-json\/wp\/v2\/media\/89842"}],"wp:attachment":[{"href":"https:\/\/pgwear.net\/pl\/wp-json\/wp\/v2\/media?parent=69144"}],"wp:term":[{"taxonomy":"product_brand","embeddable":true,"href":"https:\/\/pgwear.net\/pl\/wp-json\/wp\/v2\/product_brand?post=69144"},{"taxonomy":"product_cat","embeddable":true,"href":"https:\/\/pgwear.net\/pl\/wp-json\/wp\/v2\/product_cat?post=69144"},{"taxonomy":"product_tag","embeddable":true,"href":"https:\/\/pgwear.net\/pl\/wp-json\/wp\/v2\/product_tag?post=69144"}],"curies":[{"name":"wp","href":"https:\/\/api.w.org\/{rel}","templated":true}]}}