{"id":69151,"date":"2023-03-16T09:50:41","date_gmt":"2023-03-16T08:50:41","guid":{"rendered":"https:\/\/pgwear.net\/p\/aw23-bluza-bulldog-navy\/"},"modified":"2026-03-06T13:35:42","modified_gmt":"2026-03-06T12:35:42","slug":"aw23-bluza-bulldog-navy","status":"publish","type":"product","link":"https:\/\/pgwear.net\/pl\/p\/aw23-bluza-bulldog-navy\/","title":{"rendered":"Bluza &#8220;Bulldog&#8221; Granatowa"},"content":{"rendered":"<p>Buldog by\u0142 symbolem powszechnie u\u017cywanym przez chuligan\u00f3w w ca\u0142ej Europie w latach 90. i 2000. Mo\u017cna by\u0142o go dostrzec na koszulkach, flagach, w gazetach kibicowskich itp. Ten symbol zainspirowa\u0142 PGWEAR do stworzenia bluzy. Dodali\u015bmy r\u00f3wnie\u017c s\u0142ynny olschoolowy slogan kultury Ultras: \u201eNO ONE LIKES US, WE DON&#8217;T CARE\u201d i zadedykowali\u015bmy go tym, kt\u00f3rzy na trybunach czuj\u0105 nostalgi\u0119 za starymi dobrymi czasami!<\/p>\n","protected":false},"excerpt":{"rendered":"<p>Buldog by\u0142 symbolem powszechnie u\u017cywanym przez chuligan\u00f3w w ca\u0142ej Europie w latach 90. i 2000. Mo\u017cna by\u0142o go dostrzec na koszulkach, flagach, w gazetach kibicowskich itp. Ten symbol zainspirowa\u0142 PGWEAR do stworzenia bluzy.<\/p>\n","protected":false},"featured_media":89863,"template":"","meta":{"_acf_changed":false},"product_brand":[],"product_cat":[371],"product_tag":[3839,2297,3277,2837],"class_list":{"0":"post-69151","1":"product","2":"type-product","3":"status-publish","4":"has-post-thumbnail","6":"product_cat-bluzy","7":"product_tag-blue-monday","8":"product_tag-jesien-zima-2023","9":"product_tag-ostatnie-sztuki","10":"product_tag-sale","11":"pa_gramatura-290-gr-m2","12":"pa_kolekcja-jesien-zima-2023","13":"pa_kolor-granatowy","14":"pa_material-100-bawelna","15":"pa_nadruk-duzy-nadruk-na-klatce-piersiowej","16":"pa_rozmiar-l","17":"pa_rozmiar-m","18":"pa_rozmiar-s","19":"pa_rozmiar-xl","20":"pa_rozmiar-xxl","21":"pa_rozmiar-xxxl","22":"feature-motyw-pilki","23":"feature-motyw-psa","25":"first","26":"instock","27":"sale","28":"taxable","29":"shipping-taxable","30":"purchasable","31":"product-type-variable"},"acf":[],"_links":{"self":[{"href":"https:\/\/pgwear.net\/pl\/wp-json\/wp\/v2\/product\/69151","targetHints":{"allow":["GET"]}}],"collection":[{"href":"https:\/\/pgwear.net\/pl\/wp-json\/wp\/v2\/product"}],"about":[{"href":"https:\/\/pgwear.net\/pl\/wp-json\/wp\/v2\/types\/product"}],"wp:featuredmedia":[{"embeddable":true,"href":"https:\/\/pgwear.net\/pl\/wp-json\/wp\/v2\/media\/89863"}],"wp:attachment":[{"href":"https:\/\/pgwear.net\/pl\/wp-json\/wp\/v2\/media?parent=69151"}],"wp:term":[{"taxonomy":"product_brand","embeddable":true,"href":"https:\/\/pgwear.net\/pl\/wp-json\/wp\/v2\/product_brand?post=69151"},{"taxonomy":"product_cat","embeddable":true,"href":"https:\/\/pgwear.net\/pl\/wp-json\/wp\/v2\/product_cat?post=69151"},{"taxonomy":"product_tag","embeddable":true,"href":"https:\/\/pgwear.net\/pl\/wp-json\/wp\/v2\/product_tag?post=69151"}],"curies":[{"name":"wp","href":"https:\/\/api.w.org\/{rel}","templated":true}]}}