{"id":69158,"date":"2023-03-16T09:50:42","date_gmt":"2023-03-16T08:50:42","guid":{"rendered":"https:\/\/pgwear.net\/p\/aw23-bluza-z-kominiarka-never\/"},"modified":"2026-03-24T10:07:22","modified_gmt":"2026-03-24T09:07:22","slug":"aw23-bluza-z-kominiarka-never","status":"publish","type":"product","link":"https:\/\/pgwear.net\/pl\/p\/aw23-bluza-z-kominiarka-never\/","title":{"rendered":"Bluza z kominiark\u0105 &#8220;Never Walk Alone&#8221; Czarna"},"content":{"rendered":"<p>S\u0142ynny slogan zwi\u0105zany z Anfield jest doskonale znany ka\u017cdemu fanowi pi\u0142ki no\u017cnej! Idea, kt\u00f3ra jest najsilniejsz\u0105 cz\u0119\u015bci\u0105 ruchu Ultras! Tym razem zosta\u0142a zaprezentowana na bluzie z kapturem od PGWEAR! Klasyczny kr\u00f3j, efektowny nadruk z przodu i z ty\u0142u oraz kominiarka w kapturze nie pozostawi\u0105 nikogo oboj\u0119tnym! YOU&#8217;LL NEVER WALK ALONE!<\/p>\n","protected":false},"excerpt":{"rendered":"<p>S\u0142ynny slogan zwi\u0105zany z Anfield jest doskonale znany ka\u017cdemu fanowi pi\u0142ki no\u017cnej! Idea, kt\u00f3ra jest najsilniejsz\u0105 cz\u0119\u015bci\u0105 ruchu Ultras!<\/p>\n","protected":false},"featured_media":89881,"template":"","meta":{"_acf_changed":false},"product_brand":[],"product_cat":[371],"product_tag":[3839,2297,3277,2837],"class_list":{"0":"post-69158","1":"product","2":"type-product","3":"status-publish","4":"has-post-thumbnail","6":"product_cat-bluzy","7":"product_tag-blue-monday","8":"product_tag-jesien-zima-2023","9":"product_tag-ostatnie-sztuki","10":"product_tag-sale","11":"pa_gramatura-340-gr-m2","12":"pa_kolekcja-jesien-zima-2023","13":"pa_kolor-czarny","14":"pa_kroj-klasyczny","15":"pa_material-100-bawelna","16":"pa_nadruk-duzy-nadruk-na-klatce-piersiowej","17":"pa_nadruk-duzy-nadruk-na-plecach","18":"pa_rozmiar-l","19":"pa_rozmiar-m","20":"pa_rozmiar-s","21":"pa_rozmiar-xl","22":"pa_rozmiar-xxl","23":"pa_rozmiar-xxxl","24":"feature-motyw-kominiarki","25":"feature-wbudowana-kominiarka","26":"feature-youll-never-walk-alone","28":"first","29":"instock","30":"sale","31":"taxable","32":"shipping-taxable","33":"purchasable","34":"product-type-variable"},"acf":[],"_links":{"self":[{"href":"https:\/\/pgwear.net\/pl\/wp-json\/wp\/v2\/product\/69158","targetHints":{"allow":["GET"]}}],"collection":[{"href":"https:\/\/pgwear.net\/pl\/wp-json\/wp\/v2\/product"}],"about":[{"href":"https:\/\/pgwear.net\/pl\/wp-json\/wp\/v2\/types\/product"}],"wp:featuredmedia":[{"embeddable":true,"href":"https:\/\/pgwear.net\/pl\/wp-json\/wp\/v2\/media\/89881"}],"wp:attachment":[{"href":"https:\/\/pgwear.net\/pl\/wp-json\/wp\/v2\/media?parent=69158"}],"wp:term":[{"taxonomy":"product_brand","embeddable":true,"href":"https:\/\/pgwear.net\/pl\/wp-json\/wp\/v2\/product_brand?post=69158"},{"taxonomy":"product_cat","embeddable":true,"href":"https:\/\/pgwear.net\/pl\/wp-json\/wp\/v2\/product_cat?post=69158"},{"taxonomy":"product_tag","embeddable":true,"href":"https:\/\/pgwear.net\/pl\/wp-json\/wp\/v2\/product_tag?post=69158"}],"curies":[{"name":"wp","href":"https:\/\/api.w.org\/{rel}","templated":true}]}}