{"id":69165,"date":"2023-03-16T09:50:43","date_gmt":"2023-03-16T08:50:43","guid":{"rendered":"https:\/\/pgwear.net\/p\/aw23-bluza-z-kominiarka-dice-black\/"},"modified":"2026-04-28T00:57:29","modified_gmt":"2026-04-27T22:57:29","slug":"aw23-bluza-z-kominiarka-dice-black","status":"publish","type":"product","link":"https:\/\/pgwear.net\/pl\/p\/aw23-bluza-z-kominiarka-dice-black\/","title":{"rendered":"Bluza z kominiark\u0105 &#8220;Dice&#8221; Czarna"},"content":{"rendered":"<p>Bluza typu full face o klasycznym kroju z wyj\u0105tkowym nadrukiem z przodu i kominiark\u0105 wszyt\u0105 wewn\u0105trz kaptura ozdobion\u0105 nadrukiem s\u0142ynnego \u0142aci\u0144skiego has\u0142a oraz kompozycj\u0105 ko\u015bci 1312 i logo PGWEAR. Tutaj wszystkie symbole warto\u015bci kultury ultras \u0142\u0105cz\u0105 si\u0119 i tworz\u0105 wspania\u0142\u0105 kompozycj\u0119, kt\u00f3r\u0105 mo\u017cna nosi\u0107 zar\u00f3wno na ulicy jak i na stadionie.<\/p>\n","protected":false},"excerpt":{"rendered":"<p>Bluza typu full face o klasycznym kroju z wyj\u0105tkowym nadrukiem z przodu i kominiark\u0105 wszyt\u0105 wewn\u0105trz kaptura ozdobion\u0105 nadrukiem s\u0142ynnego \u0142aci\u0144skiego has\u0142a oraz kompozycj\u0105 ko\u015bci 1312 i logo PGWEAR.<\/p>\n","protected":false},"featured_media":89914,"template":"","meta":{"_acf_changed":false},"product_brand":[],"product_cat":[371,3490,3493],"product_tag":[3839,2297,3277,2837],"class_list":{"0":"post-69165","1":"product","2":"type-product","3":"status-publish","4":"has-post-thumbnail","6":"product_cat-bluzy","7":"product_cat-bluzy-z-kapturem","8":"product_cat-bluzy-z-kominiarka","9":"product_tag-blue-monday","10":"product_tag-jesien-zima-2023","11":"product_tag-ostatnie-sztuki","12":"product_tag-sale","13":"pa_gramatura-340-gr-m2","14":"pa_kolekcja-jesien-zima-2023","15":"pa_kolor-czarny","16":"pa_kroj-klasyczny","17":"pa_material-100-bawelna","18":"pa_nadruk-duzy-nadruk-na-klatce-piersiowej","19":"pa_nadruk-duzy-nadruk-na-plecach","20":"pa_rozmiar-l","21":"pa_rozmiar-m","22":"pa_rozmiar-s","23":"pa_rozmiar-xl","24":"pa_rozmiar-xxl","25":"pa_rozmiar-xxxl","26":"feature-alea-iacta-est","27":"feature-wbudowana-kominiarka","29":"first","30":"instock","31":"sale","32":"taxable","33":"shipping-taxable","34":"purchasable","35":"product-type-variable"},"acf":[],"_links":{"self":[{"href":"https:\/\/pgwear.net\/pl\/wp-json\/wp\/v2\/product\/69165","targetHints":{"allow":["GET"]}}],"collection":[{"href":"https:\/\/pgwear.net\/pl\/wp-json\/wp\/v2\/product"}],"about":[{"href":"https:\/\/pgwear.net\/pl\/wp-json\/wp\/v2\/types\/product"}],"wp:featuredmedia":[{"embeddable":true,"href":"https:\/\/pgwear.net\/pl\/wp-json\/wp\/v2\/media\/89914"}],"wp:attachment":[{"href":"https:\/\/pgwear.net\/pl\/wp-json\/wp\/v2\/media?parent=69165"}],"wp:term":[{"taxonomy":"product_brand","embeddable":true,"href":"https:\/\/pgwear.net\/pl\/wp-json\/wp\/v2\/product_brand?post=69165"},{"taxonomy":"product_cat","embeddable":true,"href":"https:\/\/pgwear.net\/pl\/wp-json\/wp\/v2\/product_cat?post=69165"},{"taxonomy":"product_tag","embeddable":true,"href":"https:\/\/pgwear.net\/pl\/wp-json\/wp\/v2\/product_tag?post=69165"}],"curies":[{"name":"wp","href":"https:\/\/api.w.org\/{rel}","templated":true}]}}