{"id":69172,"date":"2023-03-16T09:50:44","date_gmt":"2023-03-16T08:50:44","guid":{"rendered":"https:\/\/pgwear.net\/p\/aw23-bluza-z-kominiarka-avanti\/"},"modified":"2026-04-25T16:33:26","modified_gmt":"2026-04-25T14:33:26","slug":"aw23-bluza-z-kominiarka-avanti","status":"publish","type":"product","link":"https:\/\/pgwear.net\/pl\/p\/aw23-bluza-z-kominiarka-avanti\/","title":{"rendered":"Bluza z kominiark\u0105 &#8220;Avanti Ultras&#8221; Granatowa"},"content":{"rendered":"<p>Ka\u017cda aktywna trybuna na stadionie sk\u0142ada si\u0119 mniej wi\u0119cej z tych trzech typ\u00f3w ludzi: okazjonalnych fan\u00f3w pi\u0142ki no\u017cnej, oddanych ultras\u00f3w i zagorza\u0142ych chuligan\u00f3w pi\u0142karskich. Nasz ruch nie mo\u017ce dobrze funkcjonowa\u0107, je\u015bli brakuje przynajmniej jednej z tych grup! W\u0142a\u015bnie to ilustruje nadruk na bluzie z kapturem od PGWEAR. Klasyczny kr\u00f3j, efektowny nadruk z przodu i kominiarka w kapturze nie pozostawi\u0105 nikogo oboj\u0119tnym! AVANTI ULTRAS!<\/p>\n","protected":false},"excerpt":{"rendered":"<p>Ka\u017cda aktywna trybuna na stadionie sk\u0142ada si\u0119 mniej wi\u0119cej z tych trzech typ\u00f3w ludzi: okazjonalnych fan\u00f3w pi\u0142ki no\u017cnej, oddanych ultras\u00f3w i zagorza\u0142ych chuligan\u00f3w pi\u0142karskich.<\/p>\n","protected":false},"featured_media":89935,"template":"","meta":{"_acf_changed":false},"product_brand":[],"product_cat":[371,3490,3493],"product_tag":[3839,2297,3277,2837],"class_list":{"0":"post-69172","1":"product","2":"type-product","3":"status-publish","4":"has-post-thumbnail","6":"product_cat-bluzy","7":"product_cat-bluzy-z-kapturem","8":"product_cat-bluzy-z-kominiarka","9":"product_tag-blue-monday","10":"product_tag-jesien-zima-2023","11":"product_tag-ostatnie-sztuki","12":"product_tag-sale","13":"pa_gramatura-340-gr-m2","14":"pa_kolekcja-jesien-zima-2023","15":"pa_kolor-granatowy","16":"pa_kroj-klasyczny","17":"pa_material-100-bawelna","18":"pa_nadruk-duzy-nadruk-na-klatce-piersiowej","19":"pa_rozmiar-l","20":"pa_rozmiar-m","21":"pa_rozmiar-s","22":"pa_rozmiar-xl","23":"pa_rozmiar-xxl","24":"pa_rozmiar-xxxl","25":"feature-napis-ultras","26":"feature-wbudowana-kominiarka","28":"first","29":"instock","30":"sale","31":"taxable","32":"shipping-taxable","33":"purchasable","34":"product-type-variable"},"acf":[],"_links":{"self":[{"href":"https:\/\/pgwear.net\/pl\/wp-json\/wp\/v2\/product\/69172","targetHints":{"allow":["GET"]}}],"collection":[{"href":"https:\/\/pgwear.net\/pl\/wp-json\/wp\/v2\/product"}],"about":[{"href":"https:\/\/pgwear.net\/pl\/wp-json\/wp\/v2\/types\/product"}],"wp:featuredmedia":[{"embeddable":true,"href":"https:\/\/pgwear.net\/pl\/wp-json\/wp\/v2\/media\/89935"}],"wp:attachment":[{"href":"https:\/\/pgwear.net\/pl\/wp-json\/wp\/v2\/media?parent=69172"}],"wp:term":[{"taxonomy":"product_brand","embeddable":true,"href":"https:\/\/pgwear.net\/pl\/wp-json\/wp\/v2\/product_brand?post=69172"},{"taxonomy":"product_cat","embeddable":true,"href":"https:\/\/pgwear.net\/pl\/wp-json\/wp\/v2\/product_cat?post=69172"},{"taxonomy":"product_tag","embeddable":true,"href":"https:\/\/pgwear.net\/pl\/wp-json\/wp\/v2\/product_tag?post=69172"}],"curies":[{"name":"wp","href":"https:\/\/api.w.org\/{rel}","templated":true}]}}