{"id":69179,"date":"2023-03-16T09:50:46","date_gmt":"2023-03-16T08:50:46","guid":{"rendered":"https:\/\/pgwear.net\/p\/aw23-bluza-z-kominiarka-hands-black\/"},"modified":"2026-04-01T08:07:39","modified_gmt":"2026-04-01T06:07:39","slug":"bluza-z-kominiarka-hands-czarna","status":"publish","type":"product","link":"https:\/\/pgwear.net\/pl\/p\/bluza-z-kominiarka-hands-czarna\/","title":{"rendered":"Bluza z kominiark\u0105 &#8220;Hands&#8221; Czarna"},"content":{"rendered":"<p>S\u0142yszane i widziane niezliczon\u0105 ilo\u015b\u0107 razy na Anfield s\u0142ynne has\u0142o l\u0105duje na koszulce PGWEAR. YOU&#8217;LL NEVER WALK ALONE \u2013 has\u0142o, kt\u00f3re rozpowszechni\u0142o si\u0119 w\u015br\u00f3d ultras\u00f3w i fanatyk\u00f3w futbolu na ca\u0142ym \u015bwiecie! Bez wzgl\u0119du na to, czy jest dobrze, czy \u017ale, ukochany klub pi\u0142karski zawsze b\u0119dzie wspierany przez najbardziej oddanych fan\u00f3w! Klasyczny kr\u00f3j, efektowny nadruk z przodu oraz kominiarka wewn\u0105trz kaptura nie pozostawi\u0105 nikogo oboj\u0119tnym!<\/p>\n","protected":false},"excerpt":{"rendered":"<p>S\u0142yszane i widziane niezliczon\u0105 ilo\u015b\u0107 razy na Anfield s\u0142ynne has\u0142o l\u0105duje na koszulce PGWEAR. YOU&#8217;LL NEVER WALK ALONE \u2013 has\u0142o, kt\u00f3re rozpowszechni\u0142o si\u0119 w\u015br\u00f3d ultras\u00f3w i fanatyk\u00f3w futbolu na ca\u0142ym \u015bwiecie!<\/p>\n","protected":false},"featured_media":89968,"template":"","meta":{"_acf_changed":false},"product_brand":[],"product_cat":[371,3490,3493],"product_tag":[2297,3277,2837],"class_list":{"0":"post-69179","1":"product","2":"type-product","3":"status-publish","4":"has-post-thumbnail","6":"product_cat-bluzy","7":"product_cat-bluzy-z-kapturem","8":"product_cat-bluzy-z-kominiarka","9":"product_tag-jesien-zima-2023","10":"product_tag-ostatnie-sztuki","11":"product_tag-sale","12":"pa_gramatura-340-gr-m2","13":"pa_kolekcja-jesien-zima-2023","14":"pa_kolor-czarny","15":"pa_kroj-klasyczny","16":"pa_material-100-bawelna","17":"pa_nadruk-duzy-nadruk-na-klatce-piersiowej","18":"pa_rozmiar-l","19":"pa_rozmiar-m","20":"pa_rozmiar-s","21":"pa_rozmiar-xl","22":"pa_rozmiar-xxl","23":"pa_rozmiar-xxxl","24":"feature-wbudowana-kominiarka","25":"feature-youll-never-walk-alone","27":"first","28":"instock","29":"sale","30":"taxable","31":"shipping-taxable","32":"purchasable","33":"product-type-variable"},"acf":[],"_links":{"self":[{"href":"https:\/\/pgwear.net\/pl\/wp-json\/wp\/v2\/product\/69179","targetHints":{"allow":["GET"]}}],"collection":[{"href":"https:\/\/pgwear.net\/pl\/wp-json\/wp\/v2\/product"}],"about":[{"href":"https:\/\/pgwear.net\/pl\/wp-json\/wp\/v2\/types\/product"}],"wp:featuredmedia":[{"embeddable":true,"href":"https:\/\/pgwear.net\/pl\/wp-json\/wp\/v2\/media\/89968"}],"wp:attachment":[{"href":"https:\/\/pgwear.net\/pl\/wp-json\/wp\/v2\/media?parent=69179"}],"wp:term":[{"taxonomy":"product_brand","embeddable":true,"href":"https:\/\/pgwear.net\/pl\/wp-json\/wp\/v2\/product_brand?post=69179"},{"taxonomy":"product_cat","embeddable":true,"href":"https:\/\/pgwear.net\/pl\/wp-json\/wp\/v2\/product_cat?post=69179"},{"taxonomy":"product_tag","embeddable":true,"href":"https:\/\/pgwear.net\/pl\/wp-json\/wp\/v2\/product_tag?post=69179"}],"curies":[{"name":"wp","href":"https:\/\/api.w.org\/{rel}","templated":true}]}}