{"id":69207,"date":"2023-03-16T09:50:51","date_gmt":"2023-03-16T08:50:51","guid":{"rendered":"https:\/\/pgwear.net\/p\/aw23-bluza-z-kominiarka-tornado-mustard\/"},"modified":"2026-03-06T11:58:46","modified_gmt":"2026-03-06T10:58:46","slug":"aw23-bluza-z-kominiarka-tornado-mustard","status":"publish","type":"product","link":"https:\/\/pgwear.net\/pl\/p\/aw23-bluza-z-kominiarka-tornado-mustard\/","title":{"rendered":"Bluza z kominiark\u0105 &#8220;Tornado&#8221; Mustard"},"content":{"rendered":"<p>Legendarna bluza PGWEAR z zamkiem na ca\u0142ej d\u0142ugo\u015bci, kominiark\u0105 wszyt\u0105 w kaptur i obszernymi kieszeniami bocznymi. Wykonane z najwy\u017cszej jako\u015bci materia\u0142\u00f3w z dba\u0142o\u015bci\u0105 o ka\u017cdy szczeg\u00f3\u0142! Bez wzgl\u0119du na to, gdzie si\u0119 znjadujesz, w domu czy w podr\u00f3\u017cy, ten produkt zapewni ci anonimowo\u015b\u0107 przed policj\u0105 i kamerami CCTV, zar\u00f3wno na ulicy, jak i na stadionie! Wybierz ten wariant kolorystyczny, je\u015bli kibicujesz klubom pi\u0142karskim takim jak SG Dynamo Dresden, FC Carl Zeiss Jena, 1. FC Lokomotive Leipzig, AIK Fotboll itp.<\/p>\n","protected":false},"excerpt":{"rendered":"<p>Legendarna bluza PGWEAR z zamkiem na ca\u0142ej d\u0142ugo\u015bci, kominiark\u0105 wszyt\u0105 w kaptur i obszernymi kieszeniami bocznymi. Wykonane z najwy\u017cszej jako\u015bci materia\u0142\u00f3w z dba\u0142o\u015bci\u0105 o ka\u017cdy szczeg\u00f3\u0142!<\/p>\n","protected":false},"featured_media":90096,"template":"","meta":{"_acf_changed":false},"product_brand":[],"product_cat":[371,3490,3493],"product_tag":[2297,3277,2837],"class_list":{"0":"post-69207","1":"product","2":"type-product","3":"status-publish","4":"has-post-thumbnail","6":"product_cat-bluzy","7":"product_cat-bluzy-z-kapturem","8":"product_cat-bluzy-z-kominiarka","9":"product_tag-jesien-zima-2023","10":"product_tag-ostatnie-sztuki","11":"product_tag-sale","12":"pa_gramatura-280-gr-m2","13":"pa_kolor-zolty","14":"pa_kroj-klasyczny","15":"pa_material-100-bawelna","16":"pa_rozmiar-l","17":"pa_rozmiar-m","18":"pa_rozmiar-s","19":"pa_rozmiar-xl","20":"pa_rozmiar-xxl","21":"pa_rozmiar-xxxl","22":"feature-duza-kieszen","23":"feature-wbudowana-kominiarka","25":"first","26":"outofstock","27":"taxable","28":"shipping-taxable","29":"product-type-variable"},"acf":[],"_links":{"self":[{"href":"https:\/\/pgwear.net\/pl\/wp-json\/wp\/v2\/product\/69207","targetHints":{"allow":["GET"]}}],"collection":[{"href":"https:\/\/pgwear.net\/pl\/wp-json\/wp\/v2\/product"}],"about":[{"href":"https:\/\/pgwear.net\/pl\/wp-json\/wp\/v2\/types\/product"}],"wp:featuredmedia":[{"embeddable":true,"href":"https:\/\/pgwear.net\/pl\/wp-json\/wp\/v2\/media\/90096"}],"wp:attachment":[{"href":"https:\/\/pgwear.net\/pl\/wp-json\/wp\/v2\/media?parent=69207"}],"wp:term":[{"taxonomy":"product_brand","embeddable":true,"href":"https:\/\/pgwear.net\/pl\/wp-json\/wp\/v2\/product_brand?post=69207"},{"taxonomy":"product_cat","embeddable":true,"href":"https:\/\/pgwear.net\/pl\/wp-json\/wp\/v2\/product_cat?post=69207"},{"taxonomy":"product_tag","embeddable":true,"href":"https:\/\/pgwear.net\/pl\/wp-json\/wp\/v2\/product_tag?post=69207"}],"curies":[{"name":"wp","href":"https:\/\/api.w.org\/{rel}","templated":true}]}}