{"id":69312,"date":"2023-03-16T09:51:12","date_gmt":"2023-03-16T08:51:12","guid":{"rendered":"https:\/\/pgwear.net\/p\/aw23-bluza-ninja-combat-black\/"},"modified":"2026-03-06T11:58:47","modified_gmt":"2026-03-06T10:58:47","slug":"aw23-bluza-ninja-combat-black","status":"publish","type":"product","link":"https:\/\/pgwear.net\/pl\/p\/aw23-bluza-ninja-combat-black\/","title":{"rendered":"Bluza Ninja &#8220;Combat&#8221; Black"},"content":{"rendered":"<p>Klasyczna <a href=\"https:\/\/pgwear.net\/pl\/c\/bluzy\/\">bluza<\/a> z kapturem ninja, o kt\u00f3rej marzy ka\u017cdy! Mo\u017cesz by\u0107 pewny, \u017ce w tej bluzie Twoja twarz b\u0119dzie odpowiednio chroniona przed wrogami, policj\u0105 czy kamerami CCTV zar\u00f3wno na ulicy jak i na trybunach!<\/p>\n","protected":false},"excerpt":{"rendered":"<p>Klasyczna bluza z kapturem ninja, o kt\u00f3rej marzy ka\u017cdy! Mo\u017cesz by\u0107 pewny, \u017ce w tej bluzie Twoja twarz b\u0119dzie odpowiednio chroniona przed wrogami, policj\u0105 czy kamerami CCTV zar\u00f3wno na ulicy jak i na trybunach!<\/p>\n","protected":false},"featured_media":91871,"template":"","meta":{"_acf_changed":false},"product_brand":[],"product_cat":[371,3490,3493],"product_tag":[3839,2297,3277,2837],"class_list":{"0":"post-69312","1":"product","2":"type-product","3":"status-publish","4":"has-post-thumbnail","6":"product_cat-bluzy","7":"product_cat-bluzy-z-kapturem","8":"product_cat-bluzy-z-kominiarka","9":"product_tag-blue-monday","10":"product_tag-jesien-zima-2023","11":"product_tag-ostatnie-sztuki","12":"product_tag-sale","13":"pa_gramatura-280-gr-m2","14":"pa_kolekcja-jesien-zima-2023","15":"pa_kolor-czarny","16":"pa_kroj-klasyczny","17":"pa_material-100-bawelna","18":"pa_rozmiar-l","19":"pa_rozmiar-m","20":"pa_rozmiar-s","21":"pa_rozmiar-xl","22":"pa_rozmiar-xxl","23":"pa_rozmiar-xxxl","25":"first","26":"outofstock","27":"taxable","28":"shipping-taxable","29":"product-type-variable"},"acf":[],"_links":{"self":[{"href":"https:\/\/pgwear.net\/pl\/wp-json\/wp\/v2\/product\/69312","targetHints":{"allow":["GET"]}}],"collection":[{"href":"https:\/\/pgwear.net\/pl\/wp-json\/wp\/v2\/product"}],"about":[{"href":"https:\/\/pgwear.net\/pl\/wp-json\/wp\/v2\/types\/product"}],"wp:featuredmedia":[{"embeddable":true,"href":"https:\/\/pgwear.net\/pl\/wp-json\/wp\/v2\/media\/91871"}],"wp:attachment":[{"href":"https:\/\/pgwear.net\/pl\/wp-json\/wp\/v2\/media?parent=69312"}],"wp:term":[{"taxonomy":"product_brand","embeddable":true,"href":"https:\/\/pgwear.net\/pl\/wp-json\/wp\/v2\/product_brand?post=69312"},{"taxonomy":"product_cat","embeddable":true,"href":"https:\/\/pgwear.net\/pl\/wp-json\/wp\/v2\/product_cat?post=69312"},{"taxonomy":"product_tag","embeddable":true,"href":"https:\/\/pgwear.net\/pl\/wp-json\/wp\/v2\/product_tag?post=69312"}],"curies":[{"name":"wp","href":"https:\/\/api.w.org\/{rel}","templated":true}]}}