{"id":69326,"date":"2023-03-16T09:51:14","date_gmt":"2023-03-16T08:51:14","guid":{"rendered":"https:\/\/pgwear.net\/p\/aw23-softshell-parka-z-maska-harbour-sand\/"},"modified":"2026-03-06T11:58:48","modified_gmt":"2026-03-06T10:58:48","slug":"aw23-softshell-parka-z-maska-harbour-sand","status":"publish","type":"product","link":"https:\/\/pgwear.net\/pl\/p\/aw23-softshell-parka-z-maska-harbour-sand\/","title":{"rendered":"Softshell Parka z mask\u0105 &#8220;Harbour&#8221; Sand"},"content":{"rendered":"<p>Tak jest! Pierwszy raz w PGWEAR ultras shop \u2013 <a href=\"https:\/\/pgwear.net\/pl\/c\/kurtki\/\">kurtka<\/a> typu parka uszyta z wysokiej jako\u015bci materia\u0142u softshell \u2013 Drytex by PGWEAR! Dzi\u0119ki temu produktowi mo\u017cesz by\u0107 pewny dw\u00f3ch rzeczy \u2013 nigdy nie zmokniesz, a tak\u017ce zawsze b\u0119dziesz wygl\u0105da\u0142 \u015bwietnie. Parka \u201eHarbour\u201d idealnie dope\u0142ni ka\u017cdy casualowy outfit, nie wa\u017cne czy jeste\u015b na stadionie, albo w \u2026 teatrze! <a href=\"https:\/\/pgwear.net\/pl\/feature\/wbudowana-maska\/\">Maska zintegrowana z ko\u0142nierzem<\/a> to \u015bwietne rozwi\u0105zanie dla wszystkich ultras\u00f3w zapewniaj\u0105ce anonimowo\u015b\u0107 przed <a href=\"https:\/\/pgwear.net\/pl\/feature\/acab\/\">acab<\/a>. Produkt dost\u0119pny w 3 wersjach kolorystycznych.<\/p>\n","protected":false},"excerpt":{"rendered":"<p>Tak jest! Pierwszy raz w PGWEAR ultras shop \u2013 kurtka typu parka uszyta z wysokiej jako\u015bci materia\u0142u softshell \u2013 Drytex by PGWEAR! Dzi\u0119ki temu produktowi mo\u017cesz by\u0107 pewny dw\u00f3ch rzeczy \u2013 nigdy nie zmokniesz, a tak\u017ce zawsze b\u0119dziesz wygl\u0105da\u0142 \u015bwietnie. .<\/p>\n","protected":false},"featured_media":91935,"template":"","meta":{"_acf_changed":false},"product_brand":[],"product_cat":[3485],"product_tag":[2297,2837],"class_list":{"0":"post-69326","1":"product","2":"type-product","3":"status-publish","4":"has-post-thumbnail","6":"product_cat-softshelle","7":"product_tag-jesien-zima-2023","8":"product_tag-sale","9":"pa_gramatura-320gr-m2","10":"pa_kolekcja-jesien-zima-2023","11":"pa_kolor-sand","12":"pa_kroj-klasyczny","13":"pa_material-100-poliester","14":"pa_nadruk-logo-drytex-z-tylu","15":"pa_rozmiar-l","16":"pa_rozmiar-m","17":"pa_rozmiar-s","18":"pa_rozmiar-xl","19":"pa_rozmiar-xxl","20":"pa_rozmiar-xxxl","21":"feature-ukryta-kieszen","22":"feature-wbudowana-maska","23":"feature-wodoodporny","25":"first","26":"instock","27":"taxable","28":"shipping-taxable","29":"purchasable","30":"product-type-variable"},"acf":[],"_links":{"self":[{"href":"https:\/\/pgwear.net\/pl\/wp-json\/wp\/v2\/product\/69326","targetHints":{"allow":["GET"]}}],"collection":[{"href":"https:\/\/pgwear.net\/pl\/wp-json\/wp\/v2\/product"}],"about":[{"href":"https:\/\/pgwear.net\/pl\/wp-json\/wp\/v2\/types\/product"}],"wp:featuredmedia":[{"embeddable":true,"href":"https:\/\/pgwear.net\/pl\/wp-json\/wp\/v2\/media\/91935"}],"wp:attachment":[{"href":"https:\/\/pgwear.net\/pl\/wp-json\/wp\/v2\/media?parent=69326"}],"wp:term":[{"taxonomy":"product_brand","embeddable":true,"href":"https:\/\/pgwear.net\/pl\/wp-json\/wp\/v2\/product_brand?post=69326"},{"taxonomy":"product_cat","embeddable":true,"href":"https:\/\/pgwear.net\/pl\/wp-json\/wp\/v2\/product_cat?post=69326"},{"taxonomy":"product_tag","embeddable":true,"href":"https:\/\/pgwear.net\/pl\/wp-json\/wp\/v2\/product_tag?post=69326"}],"curies":[{"name":"wp","href":"https:\/\/api.w.org\/{rel}","templated":true}]}}