{"id":69382,"date":"2023-03-16T09:51:25","date_gmt":"2023-03-16T08:51:25","guid":{"rendered":"https:\/\/pgwear.net\/p\/aw23-kurtka-z-kominiarka-bastion-sand\/"},"modified":"2026-04-07T13:36:19","modified_gmt":"2026-04-07T11:36:19","slug":"aw23-kurtka-z-kominiarka-bastion-sand","status":"publish","type":"product","link":"https:\/\/pgwear.net\/pl\/p\/aw23-kurtka-z-kominiarka-bastion-sand\/","title":{"rendered":"Softshell z kominiark\u0105 &#8220;Bastion&#8221; Sand"},"content":{"rendered":"<p>Ta wyj\u0105tkowa i dobrze znana <a href=\"https:\/\/pgwear.net\/pl\/c\/kurtki\/\">kurtka od PGWEAR<\/a> jest idealna dla ka\u017cdego, od okazjonalnego go\u015bcia na stadionie po zapalonego fanatyka pi\u0142ki no\u017cnej i ultrasa! Kurtka &#8220;Bastion&#8221; nie tylko ogrzeje Ci\u0119 w ch\u0142odne czy deszczowe dni na trybunach, ale tak\u017ce ochroni Twoj\u0105 twarz przed policj\u0105 i kamerami dzi\u0119ki <a href=\"https:\/\/pgwear.net\/pl\/feature\/wbudowana-kominiarka\/\">wszytej w ko\u0142nierz kominiarce<\/a>! Ozdobiona naszym logo z przodu oraz sk\u00f3rzanym logo na r\u0119kawie. Kurtka posiada z przodu <a href=\"https:\/\/pgwear.net\/pl\/feature\/duza-kieszen\/\">du\u017c\u0105, pojemn\u0105 kiesze\u0144 typu kangurka<\/a>, w kt\u00f3rej schowasz pyro! Ten kolor jest idealny dla kibic\u00f3w ka\u017cdej dru\u017cyny!<\/p>\n","protected":false},"excerpt":{"rendered":"<p>Ta wyj\u0105tkowa i dobrze znana kurtka od PGWEAR jest idealna dla ka\u017cdego, od okazjonalnego go\u015bcia na stadionie po zapalonego fanatyka pi\u0142ki no\u017cnej i ultrasa!<\/p>\n","protected":false},"featured_media":92154,"template":"","meta":{"_acf_changed":false},"product_brand":[],"product_cat":[366,3485],"product_tag":[2297,2837],"class_list":{"0":"post-69382","1":"product","2":"type-product","3":"status-publish","4":"has-post-thumbnail","6":"product_cat-kurtki","7":"product_cat-softshelle","8":"product_tag-jesien-zima-2023","9":"product_tag-sale","10":"pa_gramatura-320gr-m2","11":"pa_kolekcja-jesien-zima-2023","12":"pa_kolor-sand","13":"pa_kroj-klasyczny","14":"pa_material-100-poliester","15":"pa_nadruk-logo-drytex-z-tylu","16":"pa_nadruk-odblaskowy-na-prawej-lopatce","17":"pa_rozmiar-l","18":"pa_rozmiar-m","19":"pa_rozmiar-s","20":"pa_rozmiar-xl","21":"pa_rozmiar-xxl","22":"pa_rozmiar-xxxl","23":"feature-duza-kieszen","24":"feature-ukryta-kieszen","25":"feature-wbudowana-kominiarka","27":"first","28":"outofstock","29":"taxable","30":"shipping-taxable","31":"product-type-variable"},"acf":[],"_links":{"self":[{"href":"https:\/\/pgwear.net\/pl\/wp-json\/wp\/v2\/product\/69382","targetHints":{"allow":["GET"]}}],"collection":[{"href":"https:\/\/pgwear.net\/pl\/wp-json\/wp\/v2\/product"}],"about":[{"href":"https:\/\/pgwear.net\/pl\/wp-json\/wp\/v2\/types\/product"}],"wp:featuredmedia":[{"embeddable":true,"href":"https:\/\/pgwear.net\/pl\/wp-json\/wp\/v2\/media\/92154"}],"wp:attachment":[{"href":"https:\/\/pgwear.net\/pl\/wp-json\/wp\/v2\/media?parent=69382"}],"wp:term":[{"taxonomy":"product_brand","embeddable":true,"href":"https:\/\/pgwear.net\/pl\/wp-json\/wp\/v2\/product_brand?post=69382"},{"taxonomy":"product_cat","embeddable":true,"href":"https:\/\/pgwear.net\/pl\/wp-json\/wp\/v2\/product_cat?post=69382"},{"taxonomy":"product_tag","embeddable":true,"href":"https:\/\/pgwear.net\/pl\/wp-json\/wp\/v2\/product_tag?post=69382"}],"curies":[{"name":"wp","href":"https:\/\/api.w.org\/{rel}","templated":true}]}}