{"id":72505,"date":"2023-03-27T12:26:51","date_gmt":"2023-03-27T10:26:51","guid":{"rendered":"https:\/\/pgwear.net\/p\/kominiarka-clash-czarno-zolta\/"},"modified":"2026-04-04T03:23:13","modified_gmt":"2026-04-04T01:23:13","slug":"kominiarka-clash-czarno-zolta","status":"publish","type":"product","link":"https:\/\/pgwear.net\/pl\/p\/kominiarka-clash-czarno-zolta\/","title":{"rendered":"Kominiarka &#8220;Clash&#8221; Czarno\/\u017b\u00f3\u0142ta"},"content":{"rendered":"<p>Uniknij zakazu stadionowego! Zachowaj anonimowo\u015b\u0107 zar\u00f3wno na ulicy jak i na stadionie! Istnieje tylko jeden produkt, kt\u00f3ry mo\u017ce Ci w tym pom\u00f3c! Jest to <a href=\"https:\/\/pgwear.net\/pl\/c\/kominiarki\/\">kominiarka od PGWEAR ULTRAS SHOP<\/a>! Niezb\u0119dny dodatek ka\u017cdego ultrasa, chuligana lub zwyk\u0142ego fana pi\u0142ki no\u017cnej! Wybierz swoj\u0105 ulubion\u0105 wersj\u0119 kolorystyczn\u0105!<\/p>\n","protected":false},"excerpt":{"rendered":"<p>Uniknij zakazu stadionowego! Zachowaj anonimowo\u015b\u0107 zar\u00f3wno na ulicy jak i na stadionie!<\/p>\n","protected":false},"featured_media":72512,"template":"","meta":{"_acf_changed":false},"product_brand":[],"product_cat":[3512,370,376],"product_tag":[],"class_list":{"0":"post-72505","1":"product","2":"type-product","3":"status-publish","4":"has-post-thumbnail","6":"product_cat-komiarki","7":"product_cat-kominiarki","8":"product_cat-nowosci","9":"pa_gramatura-180-gr-m2","10":"pa_kolor-czarny-zolty","11":"pa_material-4-lycra","12":"pa_material-96-bawelna","14":"first","15":"instock","16":"taxable","17":"shipping-taxable","18":"purchasable","19":"product-type-simple"},"acf":[],"_links":{"self":[{"href":"https:\/\/pgwear.net\/pl\/wp-json\/wp\/v2\/product\/72505","targetHints":{"allow":["GET"]}}],"collection":[{"href":"https:\/\/pgwear.net\/pl\/wp-json\/wp\/v2\/product"}],"about":[{"href":"https:\/\/pgwear.net\/pl\/wp-json\/wp\/v2\/types\/product"}],"wp:featuredmedia":[{"embeddable":true,"href":"https:\/\/pgwear.net\/pl\/wp-json\/wp\/v2\/media\/72512"}],"wp:attachment":[{"href":"https:\/\/pgwear.net\/pl\/wp-json\/wp\/v2\/media?parent=72505"}],"wp:term":[{"taxonomy":"product_brand","embeddable":true,"href":"https:\/\/pgwear.net\/pl\/wp-json\/wp\/v2\/product_brand?post=72505"},{"taxonomy":"product_cat","embeddable":true,"href":"https:\/\/pgwear.net\/pl\/wp-json\/wp\/v2\/product_cat?post=72505"},{"taxonomy":"product_tag","embeddable":true,"href":"https:\/\/pgwear.net\/pl\/wp-json\/wp\/v2\/product_tag?post=72505"}],"curies":[{"name":"wp","href":"https:\/\/api.w.org\/{rel}","templated":true}]}}