{"id":7576,"date":"2022-01-21T12:03:18","date_gmt":"2022-01-21T11:03:18","guid":{"rendered":"https:\/\/dev.pgwear.net\/product\/ss19-buty-pgwear-sneaker-not-for-runners-oliv\/"},"modified":"2026-02-05T08:50:44","modified_gmt":"2026-02-05T07:50:44","slug":"ss19-buty-pgwear-sneaker-not-for-runners-oliv","status":"publish","type":"product","link":"https:\/\/pgwear.net\/pl\/p\/ss19-buty-pgwear-sneaker-not-for-runners-oliv\/","title":{"rendered":"Buty PGWEAR Sneaker &#8220;Not For Runners&#8221; Oliv"},"content":{"rendered":"<p>Legendarny produkt \u2013 pierwsze w historii <a href=\"https:\/\/pgwear.net\/pl\/feature\/buty\/\">buty marki PGWEAR<\/a>.<\/p>\n<p>Do\u0142o\u017cyli\u015bmy wszelkich stara\u0144 aby by\u0142a to najlepsza para but\u00f3w jakie kiedykolwiek mia\u0142e\u015b.<br \/>\nWyprodukowali\u015bmy je w Polsce wykorzystuj\u0105c najwy\u017cszej jako\u015bci materia\u0142y.<\/p>\n<p>Made for standing \u2013 not running!<\/p>\n<p>\u2022 Cholewka \u2013 100% naturalnej sk\u00f3ry<br \/>\n\u2022 Wn\u0119trze buta \u2013 100% naturalnej sk\u00f3ry<br \/>\n\u2022 Podeszwa \u2013 najwy\u017cszej jako\u015bci guma<\/p>\n<p>Jak wybra\u0107 odpowiedni rozmiar buta?<\/p>\n<p>1. Postaw go\u0142\u0105 stop\u0119 na kartce papieru.<br \/>\n2. Zaznacz na kartce pi\u0119t\u0119 oraz miejsce, w kt\u00f3rym ko\u0144czy si\u0119 najd\u0142u\u017cszy palec.<br \/>\n3. Zmierz (w centymetrach) d\u0142ugo\u015b\u0107 od pi\u0119ty do najd\u0142u\u017cszego palca.<br \/>\n4. Do zmierzonego wymiaru dodaj oko\u0142o 0,5cm.<br \/>\n5.wybierz sw\u00f3j rozmiar buta PGWEAR:<\/p>\n<p><img loading=\"lazy\" decoding=\"async\" class=\"alignnone size-full wp-image-17108\" src=\"https:\/\/pgwear.net\/wp-content\/uploads\/2022\/01\/rozmiar_buta.png\" alt=\"\" width=\"222\" height=\"188\" \/><\/p>\n","protected":false},"excerpt":{"rendered":"<p>Legendarny produkt \u2013 pierwsze w historii buty marki PGWEAR. Do\u0142o\u017cyli\u015bmy wszelkich stara\u0144 aby by\u0142a to najlepsza para but\u00f3w jakie kiedykolwiek mia\u0142e\u015b. Wyprodukowali\u015bmy je w Polsce wykorzystuj\u0105c najwy\u017cszej jako\u015bci materia\u0142y. Made for standing \u2013 not running! \u2022 Cholewka \u2013 100% naturalnej sk\u00f3ry \u2022 Wn\u0119trze buta \u2013 100% naturalnej sk\u00f3ry \u2022 Podeszwa \u2013 najwy\u017cszej jako\u015bci guma Jak [&#8230;]\n","protected":false},"featured_media":17159,"template":"","meta":{"_acf_changed":false},"product_brand":[],"product_cat":[375,3524],"product_tag":[3277,2837],"class_list":{"0":"post-7576","1":"product","2":"type-product","3":"status-publish","4":"has-post-thumbnail","6":"product_cat-akcesoria","7":"product_cat-buty","8":"product_tag-ostatnie-sztuki","9":"product_tag-sale","10":"pa_kolor-oliwkowy","11":"pa_rozmiar-s41","12":"pa_rozmiar-s42","13":"pa_rozmiar-s43","14":"pa_rozmiar-s44","15":"pa_rozmiar-s45","16":"feature-buty","18":"first","19":"instock","20":"sale","21":"taxable","22":"shipping-taxable","23":"purchasable","24":"product-type-variable"},"acf":[],"_links":{"self":[{"href":"https:\/\/pgwear.net\/pl\/wp-json\/wp\/v2\/product\/7576","targetHints":{"allow":["GET"]}}],"collection":[{"href":"https:\/\/pgwear.net\/pl\/wp-json\/wp\/v2\/product"}],"about":[{"href":"https:\/\/pgwear.net\/pl\/wp-json\/wp\/v2\/types\/product"}],"wp:featuredmedia":[{"embeddable":true,"href":"https:\/\/pgwear.net\/pl\/wp-json\/wp\/v2\/media\/17159"}],"wp:attachment":[{"href":"https:\/\/pgwear.net\/pl\/wp-json\/wp\/v2\/media?parent=7576"}],"wp:term":[{"taxonomy":"product_brand","embeddable":true,"href":"https:\/\/pgwear.net\/pl\/wp-json\/wp\/v2\/product_brand?post=7576"},{"taxonomy":"product_cat","embeddable":true,"href":"https:\/\/pgwear.net\/pl\/wp-json\/wp\/v2\/product_cat?post=7576"},{"taxonomy":"product_tag","embeddable":true,"href":"https:\/\/pgwear.net\/pl\/wp-json\/wp\/v2\/product_tag?post=7576"}],"curies":[{"name":"wp","href":"https:\/\/api.w.org\/{rel}","templated":true}]}}