{"id":77153,"date":"2023-04-19T10:55:22","date_gmt":"2023-04-19T08:55:22","guid":{"rendered":"https:\/\/pgwear.net\/p\/aw23se-t-shirt-football-is-my-religion\/"},"modified":"2026-04-09T12:12:17","modified_gmt":"2026-04-09T10:12:17","slug":"aw23se-t-shirt-football-is-my-religion","status":"publish","type":"product","link":"https:\/\/pgwear.net\/pl\/p\/aw23se-t-shirt-football-is-my-religion\/","title":{"rendered":"T-shirt &#8220;Football is my Religion&#8221;"},"content":{"rendered":"<p>Jeden z najbardziej legendarnych wzor\u00f3w od PGWEAR powraca! <a href=\"https:\/\/pgwear.net\/pl\/feature\/religia\/\">Pi\u0142ka no\u017cna to nasza religia!<\/a> Stadion to nasz ko\u015bci\u00f3\u0142! To s\u0105 idee, kt\u00f3re \u0142\u0105cz\u0105 wszystkich ultras\u00f3w, chuligan\u00f3w i zwyk\u0142ych kibic\u00f3w! Legendarny projekt od PGWEAR w\u0142a\u015bnie powr\u00f3ci\u0142! Bo\u017ce strze\u017c Ultras\u00f3w!<\/p>\n","protected":false},"excerpt":{"rendered":"<p>Jeden z najbardziej legendarnych wzor\u00f3w od PGWEAR powraca! Pi\u0142ka no\u017cna to nasza religia!<\/p>\n","protected":false},"featured_media":77167,"template":"","meta":{"_acf_changed":false},"product_brand":[],"product_cat":[376,372],"product_tag":[],"class_list":{"0":"post-77153","1":"product","2":"type-product","3":"status-publish","4":"has-post-thumbnail","6":"product_cat-nowosci","7":"product_cat-t-shirty","8":"pa_gramatura-180-gr-m2","9":"pa_kolekcja-jesien-zima-2023","10":"pa_kolor-czarny","11":"pa_kroj-klasyczny","12":"pa_material-100-bawelna","13":"pa_nadruk-duzy-nadruk-na-plecach","14":"pa_nadruk-nadruk-pgwear-na-sercu","15":"pa_rozmiar-l","16":"pa_rozmiar-m","17":"pa_rozmiar-s","18":"pa_rozmiar-xl","19":"pa_rozmiar-xxl","20":"pa_rozmiar-xxxl","21":"feature-religia","23":"first","24":"instock","25":"taxable","26":"shipping-taxable","27":"purchasable","28":"product-type-variable"},"acf":[],"_links":{"self":[{"href":"https:\/\/pgwear.net\/pl\/wp-json\/wp\/v2\/product\/77153","targetHints":{"allow":["GET"]}}],"collection":[{"href":"https:\/\/pgwear.net\/pl\/wp-json\/wp\/v2\/product"}],"about":[{"href":"https:\/\/pgwear.net\/pl\/wp-json\/wp\/v2\/types\/product"}],"wp:featuredmedia":[{"embeddable":true,"href":"https:\/\/pgwear.net\/pl\/wp-json\/wp\/v2\/media\/77167"}],"wp:attachment":[{"href":"https:\/\/pgwear.net\/pl\/wp-json\/wp\/v2\/media?parent=77153"}],"wp:term":[{"taxonomy":"product_brand","embeddable":true,"href":"https:\/\/pgwear.net\/pl\/wp-json\/wp\/v2\/product_brand?post=77153"},{"taxonomy":"product_cat","embeddable":true,"href":"https:\/\/pgwear.net\/pl\/wp-json\/wp\/v2\/product_cat?post=77153"},{"taxonomy":"product_tag","embeddable":true,"href":"https:\/\/pgwear.net\/pl\/wp-json\/wp\/v2\/product_tag?post=77153"}],"curies":[{"name":"wp","href":"https:\/\/api.w.org\/{rel}","templated":true}]}}