{"id":77217,"date":"2023-04-19T12:22:57","date_gmt":"2023-04-19T10:22:57","guid":{"rendered":"https:\/\/pgwear.net\/p\/aw23se-kominiarka-siatka-fighter\/"},"modified":"2026-04-24T11:09:22","modified_gmt":"2026-04-24T09:09:22","slug":"kominiarka-siatka-fighter","status":"publish","type":"product","link":"https:\/\/pgwear.net\/pl\/p\/kominiarka-siatka-fighter\/","title":{"rendered":"Kominiarka Siatka &#8220;Fighter&#8221;"},"content":{"rendered":"<p>Uniknij zakazu stadionowego! Zachowaj anonimowo\u015b\u0107 zar\u00f3wno na ulicy, jak i na stadionie przed policj\u0105, kamerami CCTV czy wrogami! istnieje tylko jedna rzecz, kt\u00f3ra mo\u017ce ci w tym pom\u00f3c! Jest to <a href=\"https:\/\/pgwear.net\/pl\/c\/kominiarki\/\">kominiarka<\/a>! PGWEAR z dum\u0105 prezentuje wyj\u0105tkow\u0105 kominiark\u0119 z siatk\u0105 z nadrukiem! Widoczno\u015b\u0107 w niej jest doskona\u0142a, nawet gdy oczy s\u0105 ca\u0142kowicie zas\u0142oni\u0119te od zewn\u0105trz! Niezb\u0119dny dodatek ka\u017cdego ultrasa, chuligana czy zwyk\u0142ego fana pi\u0142ki no\u017cnej!<\/p>\n","protected":false},"excerpt":{"rendered":"<p>Uniknij zakazu stadionowego! Zachowaj anonimowo\u015b\u0107 zar\u00f3wno na ulicy, jak i na stadionie przed policj\u0105, kamerami CCTV czy wrogami! istnieje tylko jedna rzecz, kt\u00f3ra mo\u017ce ci w tym pom\u00f3c!<\/p>\n","protected":false},"featured_media":77223,"template":"","meta":{"_acf_changed":false},"product_brand":[],"product_cat":[370,3512,376],"product_tag":[],"class_list":{"0":"post-77217","1":"product","2":"type-product","3":"status-publish","4":"has-post-thumbnail","6":"product_cat-kominiarki","7":"product_cat-komiarki","8":"product_cat-nowosci","9":"pa_kolekcja-jesien-zima-2023","10":"pa_kolor-czarny","11":"pa_material-100-poliester","12":"feature-kominiarka-full-print","14":"first","15":"instock","16":"taxable","17":"shipping-taxable","18":"purchasable","19":"product-type-simple"},"acf":[],"_links":{"self":[{"href":"https:\/\/pgwear.net\/pl\/wp-json\/wp\/v2\/product\/77217","targetHints":{"allow":["GET"]}}],"collection":[{"href":"https:\/\/pgwear.net\/pl\/wp-json\/wp\/v2\/product"}],"about":[{"href":"https:\/\/pgwear.net\/pl\/wp-json\/wp\/v2\/types\/product"}],"wp:featuredmedia":[{"embeddable":true,"href":"https:\/\/pgwear.net\/pl\/wp-json\/wp\/v2\/media\/77223"}],"wp:attachment":[{"href":"https:\/\/pgwear.net\/pl\/wp-json\/wp\/v2\/media?parent=77217"}],"wp:term":[{"taxonomy":"product_brand","embeddable":true,"href":"https:\/\/pgwear.net\/pl\/wp-json\/wp\/v2\/product_brand?post=77217"},{"taxonomy":"product_cat","embeddable":true,"href":"https:\/\/pgwear.net\/pl\/wp-json\/wp\/v2\/product_cat?post=77217"},{"taxonomy":"product_tag","embeddable":true,"href":"https:\/\/pgwear.net\/pl\/wp-json\/wp\/v2\/product_tag?post=77217"}],"curies":[{"name":"wp","href":"https:\/\/api.w.org\/{rel}","templated":true}]}}