{"id":77468,"date":"2023-04-20T12:51:38","date_gmt":"2023-04-20T10:51:38","guid":{"rendered":"https:\/\/pgwear.net\/p\/aw23se-dwustronna-czapka-rybaczka-globetrotter-nwr\/"},"modified":"2026-03-06T11:54:09","modified_gmt":"2026-03-06T10:54:09","slug":"dwustronna-czapka-rybaczka-globetrotter-nwr","status":"publish","type":"product","link":"https:\/\/pgwear.net\/pl\/p\/dwustronna-czapka-rybaczka-globetrotter-nwr\/","title":{"rendered":"Dwustronna Czapka Rybaczka &#8220;Globetrotter&#8221; NWR"},"content":{"rendered":"<p>Absolutny hit ostatnich lat w\u015br\u00f3d kibic\u00f3w pi\u0142karskich! Czapka rybaczka! Zdob\u0105d\u017a j\u0105 od PGWEAR ULTRAS SHOP i odpowiednio zakryj g\u0142ow\u0119 zar\u00f3wno na ulicy jak i na stadionie! Tym razem z dum\u0105 prezentujemy wersj\u0119 dwustronn\u0105 &#8211; 2 w 1!<\/p>\n","protected":false},"excerpt":{"rendered":"<p>Absolutny hit ostatnich lat w\u015br\u00f3d kibic\u00f3w pi\u0142karskich! Czapka rybaczka! Zdob\u0105d\u017a j\u0105 od PGWEAR ULTRAS SHOP i odpowiednio zakryj g\u0142ow\u0119 zar\u00f3wno na ulicy jak i na stadionie! Tym razem z dum\u0105 prezentujemy wersj\u0119 dwustronn\u0105 &#8211; 2 w 1!<\/p>\n","protected":false},"featured_media":77423,"template":"","meta":{"_acf_changed":false},"product_brand":[],"product_cat":[374,376,3509],"product_tag":[3839,3277,2837],"class_list":{"0":"post-77468","1":"product","2":"type-product","3":"status-publish","4":"has-post-thumbnail","6":"product_cat-czapki","7":"product_cat-nowosci","8":"product_cat-rybaczki","9":"product_tag-blue-monday","10":"product_tag-ostatnie-sztuki","11":"product_tag-sale","12":"pa_kolor-czarny","13":"pa_kolor-czerwony","14":"pa_material-100-bawelna","15":"feature-rybaczka","16":"feature-w-kratke","18":"first","19":"outofstock","20":"sale","21":"taxable","22":"shipping-taxable","23":"purchasable","24":"product-type-simple"},"acf":[],"_links":{"self":[{"href":"https:\/\/pgwear.net\/pl\/wp-json\/wp\/v2\/product\/77468","targetHints":{"allow":["GET"]}}],"collection":[{"href":"https:\/\/pgwear.net\/pl\/wp-json\/wp\/v2\/product"}],"about":[{"href":"https:\/\/pgwear.net\/pl\/wp-json\/wp\/v2\/types\/product"}],"wp:featuredmedia":[{"embeddable":true,"href":"https:\/\/pgwear.net\/pl\/wp-json\/wp\/v2\/media\/77423"}],"wp:attachment":[{"href":"https:\/\/pgwear.net\/pl\/wp-json\/wp\/v2\/media?parent=77468"}],"wp:term":[{"taxonomy":"product_brand","embeddable":true,"href":"https:\/\/pgwear.net\/pl\/wp-json\/wp\/v2\/product_brand?post=77468"},{"taxonomy":"product_cat","embeddable":true,"href":"https:\/\/pgwear.net\/pl\/wp-json\/wp\/v2\/product_cat?post=77468"},{"taxonomy":"product_tag","embeddable":true,"href":"https:\/\/pgwear.net\/pl\/wp-json\/wp\/v2\/product_tag?post=77468"}],"curies":[{"name":"wp","href":"https:\/\/api.w.org\/{rel}","templated":true}]}}