{"id":77469,"date":"2023-04-20T12:51:39","date_gmt":"2023-04-20T10:51:39","guid":{"rendered":"https:\/\/pgwear.net\/p\/aw23se-dwustronna-czapka-rybaczka-globetrotter-gwr\/"},"modified":"2026-04-20T11:33:18","modified_gmt":"2026-04-20T09:33:18","slug":"dwustronna-czapka-rybaczka-globetrotter-gwr","status":"publish","type":"product","link":"https:\/\/pgwear.net\/pl\/p\/dwustronna-czapka-rybaczka-globetrotter-gwr\/","title":{"rendered":"Dwustronna Czapka Rybaczka &#8220;Globetrotter&#8221; GNW"},"content":{"rendered":"<p>Absolutny hit ostatnich lat w\u015br\u00f3d kibic\u00f3w pi\u0142karskich! Czapka rybaczka! Zdob\u0105d\u017a j\u0105 od PGWEAR ULTRAS SHOP i odpowiednio zakryj g\u0142ow\u0119 zar\u00f3wno na ulicy jak i na stadionie! Tym razem z dum\u0105 prezentujemy wersj\u0119 dwustronn\u0105 &#8211; 2 w 1!<\/p>\n","protected":false},"excerpt":{"rendered":"<p>Absolutny hit ostatnich lat w\u015br\u00f3d kibic\u00f3w pi\u0142karskich! Czapka rybaczka! Zdob\u0105d\u017a j\u0105 od PGWEAR ULTRAS SHOP i odpowiednio zakryj g\u0142ow\u0119 zar\u00f3wno na ulicy jak i na stadionie! Tym razem z dum\u0105 prezentujemy wersj\u0119 dwustronn\u0105 &#8211; 2 w 1!<\/p>\n","protected":false},"featured_media":77822,"template":"","meta":{"_acf_changed":false},"product_brand":[],"product_cat":[374,376,3509],"product_tag":[3839,3277,2837],"class_list":{"0":"post-77469","1":"product","2":"type-product","3":"status-publish","4":"has-post-thumbnail","6":"product_cat-czapki","7":"product_cat-nowosci","8":"product_cat-rybaczki","9":"product_tag-blue-monday","10":"product_tag-ostatnie-sztuki","11":"product_tag-sale","12":"pa_kolor-czarny","13":"pa_kolor-zielony","14":"pa_material-100-bawelna","15":"feature-w-kratke","17":"first","18":"instock","19":"sale","20":"taxable","21":"shipping-taxable","22":"purchasable","23":"product-type-simple"},"acf":[],"_links":{"self":[{"href":"https:\/\/pgwear.net\/pl\/wp-json\/wp\/v2\/product\/77469","targetHints":{"allow":["GET"]}}],"collection":[{"href":"https:\/\/pgwear.net\/pl\/wp-json\/wp\/v2\/product"}],"about":[{"href":"https:\/\/pgwear.net\/pl\/wp-json\/wp\/v2\/types\/product"}],"wp:featuredmedia":[{"embeddable":true,"href":"https:\/\/pgwear.net\/pl\/wp-json\/wp\/v2\/media\/77822"}],"wp:attachment":[{"href":"https:\/\/pgwear.net\/pl\/wp-json\/wp\/v2\/media?parent=77469"}],"wp:term":[{"taxonomy":"product_brand","embeddable":true,"href":"https:\/\/pgwear.net\/pl\/wp-json\/wp\/v2\/product_brand?post=77469"},{"taxonomy":"product_cat","embeddable":true,"href":"https:\/\/pgwear.net\/pl\/wp-json\/wp\/v2\/product_cat?post=77469"},{"taxonomy":"product_tag","embeddable":true,"href":"https:\/\/pgwear.net\/pl\/wp-json\/wp\/v2\/product_tag?post=77469"}],"curies":[{"name":"wp","href":"https:\/\/api.w.org\/{rel}","templated":true}]}}