{"id":78684,"date":"2023-04-28T12:33:38","date_gmt":"2023-04-28T10:33:38","guid":{"rendered":"https:\/\/pgwear.net\/p\/kominiarka-hool-zielona\/"},"modified":"2026-03-16T12:05:14","modified_gmt":"2026-03-16T11:05:14","slug":"kominiarka-hool-zielona","status":"publish","type":"product","link":"https:\/\/pgwear.net\/pl\/p\/kominiarka-hool-zielona\/","title":{"rendered":"Kominiarka &#8220;Hool&#8221; Zielona"},"content":{"rendered":"<p>Uniknij zakazu stadionowego dzi\u0119ki <a href=\"https:\/\/pgwear.net\/pl\/c\/kominiarki\/\">kominiarce<\/a>! Pozosta\u0144 anonimowy przed policja, kamerami oraz wrogami, zar\u00f3wno na ulicy jak i na stadionie!<\/p>\n","protected":false},"excerpt":{"rendered":"<p>Uniknij zakazu stadionowego dzi\u0119ki kominiarce! Pozosta\u0144 anonimowy przed policja, kamerami oraz wrogami, zar\u00f3wno na ulicy jak i na stadionie!<\/p>\n","protected":false},"featured_media":85270,"template":"","meta":{"_acf_changed":false},"product_brand":[],"product_cat":[370,3512,376],"product_tag":[],"class_list":{"0":"post-78684","1":"product","2":"type-product","3":"status-publish","4":"has-post-thumbnail","6":"product_cat-kominiarki","7":"product_cat-komiarki","8":"product_cat-nowosci","9":"pa_gramatura-180-gr-m2","10":"pa_kolor-zielony","11":"pa_material-4-lycra","12":"pa_material-96-bawelna","14":"first","15":"instock","16":"taxable","17":"shipping-taxable","18":"purchasable","19":"product-type-simple"},"acf":[],"_links":{"self":[{"href":"https:\/\/pgwear.net\/pl\/wp-json\/wp\/v2\/product\/78684","targetHints":{"allow":["GET"]}}],"collection":[{"href":"https:\/\/pgwear.net\/pl\/wp-json\/wp\/v2\/product"}],"about":[{"href":"https:\/\/pgwear.net\/pl\/wp-json\/wp\/v2\/types\/product"}],"wp:featuredmedia":[{"embeddable":true,"href":"https:\/\/pgwear.net\/pl\/wp-json\/wp\/v2\/media\/85270"}],"wp:attachment":[{"href":"https:\/\/pgwear.net\/pl\/wp-json\/wp\/v2\/media?parent=78684"}],"wp:term":[{"taxonomy":"product_brand","embeddable":true,"href":"https:\/\/pgwear.net\/pl\/wp-json\/wp\/v2\/product_brand?post=78684"},{"taxonomy":"product_cat","embeddable":true,"href":"https:\/\/pgwear.net\/pl\/wp-json\/wp\/v2\/product_cat?post=78684"},{"taxonomy":"product_tag","embeddable":true,"href":"https:\/\/pgwear.net\/pl\/wp-json\/wp\/v2\/product_tag?post=78684"}],"curies":[{"name":"wp","href":"https:\/\/api.w.org\/{rel}","templated":true}]}}