{"id":82612,"date":"2023-05-25T08:31:57","date_gmt":"2023-05-25T06:31:57","guid":{"rendered":"https:\/\/pgwear.net\/p\/aw21-t-shirt-alea-iacta-est-ii\/"},"modified":"2026-03-23T07:21:37","modified_gmt":"2026-03-23T06:21:37","slug":"aw21-t-shirt-alea-iacta-est-ii","status":"publish","type":"product","link":"https:\/\/pgwear.net\/pl\/p\/aw21-t-shirt-alea-iacta-est-ii\/","title":{"rendered":"T-shirt &#8220;Alea Iacta Est II&#8221;"},"content":{"rendered":"<p><a href=\"https:\/\/pgwear.net\/pl\/c\/t-shirty\/\">T-shirt<\/a> o <a href=\"https:\/\/pgwear.net\/pl\/kroj\/klasyczny\/\">klasycznym kroju<\/a> z nadrukiem <a href=\"https:\/\/pgwear.net\/pl\/feature\/alea-iacta-est\/\">s\u0142ynnego \u0142aci\u0144skiego sloganu<\/a> i kompozycj\u0105 ko\u015bci <a href=\"https:\/\/pgwear.net\/pl\/feature\/1312\/\">1312<\/a> oraz logo PGWEAR. Tutaj wszystkie symbole warto\u015bci kultury ultras \u0142\u0105cz\u0105 si\u0119 i tworz\u0105 wspania\u0142\u0105 kombinacj\u0119, kt\u00f3r\u0105 mo\u017cna nosi\u0107 na ulicy i na stadionie.<\/p>\n","protected":false},"excerpt":{"rendered":"<p>T-shirt o klasycznym kroju z nadrukiem s\u0142ynnego \u0142aci\u0144skiego sloganu i kompozycj\u0105 ko\u015bci 1312 oraz logo PGWEAR. Tutaj wszystkie symbole warto\u015bci kultury ultras \u0142\u0105cz\u0105 si\u0119 i tworz\u0105 wspania\u0142\u0105 kombinacj\u0119, kt\u00f3r\u0105 mo\u017cna nosi\u0107 na ulicy i na stadionie.<\/p>\n","protected":false},"featured_media":82620,"template":"","meta":{"_acf_changed":false},"product_brand":[],"product_cat":[376,372],"product_tag":[],"class_list":{"0":"post-82612","1":"product","2":"type-product","3":"status-publish","4":"has-post-thumbnail","6":"product_cat-nowosci","7":"product_cat-t-shirty","8":"pa_gramatura-180-gr-m2","9":"pa_kolor-czarny","10":"pa_kroj-klasyczny","11":"pa_material-100-bawelna","12":"pa_nadruk-duzy-nadruk-na-klatce-piersiowej","13":"pa_nadruk-duzy-nadruk-na-plecach","14":"pa_rozmiar-l","15":"pa_rozmiar-m","16":"pa_rozmiar-s","17":"pa_rozmiar-xl","18":"pa_rozmiar-xxl","19":"pa_rozmiar-xxxl","20":"feature-alea-iacta-est","21":"feature-czerwony-napis","22":"feature-motyw-kominiarki","24":"first","25":"instock","26":"taxable","27":"shipping-taxable","28":"purchasable","29":"product-type-variable"},"acf":[],"_links":{"self":[{"href":"https:\/\/pgwear.net\/pl\/wp-json\/wp\/v2\/product\/82612","targetHints":{"allow":["GET"]}}],"collection":[{"href":"https:\/\/pgwear.net\/pl\/wp-json\/wp\/v2\/product"}],"about":[{"href":"https:\/\/pgwear.net\/pl\/wp-json\/wp\/v2\/types\/product"}],"wp:featuredmedia":[{"embeddable":true,"href":"https:\/\/pgwear.net\/pl\/wp-json\/wp\/v2\/media\/82620"}],"wp:attachment":[{"href":"https:\/\/pgwear.net\/pl\/wp-json\/wp\/v2\/media?parent=82612"}],"wp:term":[{"taxonomy":"product_brand","embeddable":true,"href":"https:\/\/pgwear.net\/pl\/wp-json\/wp\/v2\/product_brand?post=82612"},{"taxonomy":"product_cat","embeddable":true,"href":"https:\/\/pgwear.net\/pl\/wp-json\/wp\/v2\/product_cat?post=82612"},{"taxonomy":"product_tag","embeddable":true,"href":"https:\/\/pgwear.net\/pl\/wp-json\/wp\/v2\/product_tag?post=82612"}],"curies":[{"name":"wp","href":"https:\/\/api.w.org\/{rel}","templated":true}]}}