{"id":83161,"date":"2023-05-29T14:13:17","date_gmt":"2023-05-29T12:13:17","guid":{"rendered":"https:\/\/pgwear.net\/p\/ss23se-t-shirt-beerflare-black\/"},"modified":"2026-03-24T12:29:26","modified_gmt":"2026-03-24T11:29:26","slug":"ss23se-t-shirt-beerflare-black","status":"publish","type":"product","link":"https:\/\/pgwear.net\/pl\/p\/ss23se-t-shirt-beerflare-black\/","title":{"rendered":"T-shirt &#8220;Beer&#038;Flare&#8221; Black"},"content":{"rendered":"<p><a href=\"https:\/\/pgwear.net\/pl\/feature\/motyw-piwa\/\">Piwo<\/a> i <a href=\"https:\/\/pgwear.net\/pl\/feature\/motyw-pyro\/\">race<\/a> to dwa g\u0142\u00f3wne symbole kultury Ultras! Kufel piwa to symbol dobrej zabawy, czasu sp\u0119dzonego z przyjaci\u00f3\u0142mi <a href=\"https:\/\/pgwear.net\/pl\/feature\/wyjazd\/\">na wyje\u017adzie<\/a> lub w lokalnej knajpie.<\/p>\n","protected":false},"excerpt":{"rendered":"<p>Raca symbolizuje natomiast nasz\u0105 pasj\u0119, emocje i zaanga\u017cowanie w czasie meczu pi\u0142karskiego ! No\u015b t\u0119 koszulk\u0119 dumnie zar\u00f3wno na ulicy jak i na stadionie, pokazuj\u0105c do jakiej kultury nale\u017cysz!<\/p>\n","protected":false},"featured_media":83193,"template":"","meta":{"_acf_changed":false},"product_brand":[],"product_cat":[376,372],"product_tag":[],"class_list":{"0":"post-83161","1":"product","2":"type-product","3":"status-publish","4":"has-post-thumbnail","6":"product_cat-nowosci","7":"product_cat-t-shirty","8":"pa_gramatura-180-gr-m2","9":"pa_kolor-czarny","10":"pa_material-100-bawelna","11":"pa_nadruk-duzy-nadruk-na-klatce-piersiowej","12":"pa_rozmiar-l","13":"pa_rozmiar-m","14":"pa_rozmiar-s","15":"pa_rozmiar-xl","16":"pa_rozmiar-xxl","17":"pa_rozmiar-xxxl","18":"feature-2211","19":"feature-motyw-piwa","20":"feature-motyw-pyro","22":"first","23":"instock","24":"taxable","25":"shipping-taxable","26":"purchasable","27":"product-type-variable"},"acf":[],"_links":{"self":[{"href":"https:\/\/pgwear.net\/pl\/wp-json\/wp\/v2\/product\/83161","targetHints":{"allow":["GET"]}}],"collection":[{"href":"https:\/\/pgwear.net\/pl\/wp-json\/wp\/v2\/product"}],"about":[{"href":"https:\/\/pgwear.net\/pl\/wp-json\/wp\/v2\/types\/product"}],"wp:featuredmedia":[{"embeddable":true,"href":"https:\/\/pgwear.net\/pl\/wp-json\/wp\/v2\/media\/83193"}],"wp:attachment":[{"href":"https:\/\/pgwear.net\/pl\/wp-json\/wp\/v2\/media?parent=83161"}],"wp:term":[{"taxonomy":"product_brand","embeddable":true,"href":"https:\/\/pgwear.net\/pl\/wp-json\/wp\/v2\/product_brand?post=83161"},{"taxonomy":"product_cat","embeddable":true,"href":"https:\/\/pgwear.net\/pl\/wp-json\/wp\/v2\/product_cat?post=83161"},{"taxonomy":"product_tag","embeddable":true,"href":"https:\/\/pgwear.net\/pl\/wp-json\/wp\/v2\/product_tag?post=83161"}],"curies":[{"name":"wp","href":"https:\/\/api.w.org\/{rel}","templated":true}]}}