{"id":84054,"date":"2023-06-05T08:49:22","date_gmt":"2023-06-05T06:49:22","guid":{"rendered":"https:\/\/pgwear.net\/p\/ss21-t-shirt-burning-car\/"},"modified":"2026-04-28T12:09:29","modified_gmt":"2026-04-28T10:09:29","slug":"ss21-t-shirt-burning-car","status":"publish","type":"product","link":"https:\/\/pgwear.net\/pl\/p\/ss21-t-shirt-burning-car\/","title":{"rendered":"T-shirt &#8220;Burning Car&#8221;"},"content":{"rendered":"<p>Widok kt\u00f3ry na pewno &#8220;ogrzeje&#8221; serce ka\u017cdego kibica. P\u0142on\u0105cy radiow\u00f3z i nasze ulubione liczby \u2013 <a href=\"https:\/\/pgwear.net\/pl\/feature\/1312\/\">1312<\/a> dope\u0142ni\u0105 outfit ka\u017cdego ultrasa! Oba nadruki wykonane metod\u0105 sitodruku.<br \/>\nKoszulka dost\u0119pna w kolorze bia\u0142ym. Wyprodukowane w Polsce przez PGWEAR Customs<\/p>\n","protected":false},"excerpt":{"rendered":"<p>Widok kt\u00f3ry na pewno &#8220;ogrzeje&#8221; serce ka\u017cdego kibica. P\u0142on\u0105cy radiow\u00f3z i nasze ulubione liczby \u2013 1312 dope\u0142ni\u0105 outfit ka\u017cdego ultrasa!<\/p>\n","protected":false},"featured_media":84062,"template":"","meta":{"_acf_changed":false},"product_brand":[],"product_cat":[376,372],"product_tag":[],"class_list":{"0":"post-84054","1":"product","2":"type-product","3":"status-publish","4":"has-post-thumbnail","6":"product_cat-nowosci","7":"product_cat-t-shirty","8":"pa_gramatura-180-gr-m2","9":"pa_kolor-bialy-czarny","10":"pa_material-100-bawelna","11":"pa_nadruk-duzy-nadruk-na-plecach","12":"pa_nadruk-nadruk-na-sercu","13":"pa_rozmiar-l","14":"pa_rozmiar-m","15":"pa_rozmiar-s","16":"pa_rozmiar-xl","17":"pa_rozmiar-xxl","18":"pa_rozmiar-xxxl","19":"feature-2211","20":"feature-burning-car","22":"first","23":"instock","24":"taxable","25":"shipping-taxable","26":"purchasable","27":"product-type-variable"},"acf":[],"_links":{"self":[{"href":"https:\/\/pgwear.net\/pl\/wp-json\/wp\/v2\/product\/84054","targetHints":{"allow":["GET"]}}],"collection":[{"href":"https:\/\/pgwear.net\/pl\/wp-json\/wp\/v2\/product"}],"about":[{"href":"https:\/\/pgwear.net\/pl\/wp-json\/wp\/v2\/types\/product"}],"wp:featuredmedia":[{"embeddable":true,"href":"https:\/\/pgwear.net\/pl\/wp-json\/wp\/v2\/media\/84062"}],"wp:attachment":[{"href":"https:\/\/pgwear.net\/pl\/wp-json\/wp\/v2\/media?parent=84054"}],"wp:term":[{"taxonomy":"product_brand","embeddable":true,"href":"https:\/\/pgwear.net\/pl\/wp-json\/wp\/v2\/product_brand?post=84054"},{"taxonomy":"product_cat","embeddable":true,"href":"https:\/\/pgwear.net\/pl\/wp-json\/wp\/v2\/product_cat?post=84054"},{"taxonomy":"product_tag","embeddable":true,"href":"https:\/\/pgwear.net\/pl\/wp-json\/wp\/v2\/product_tag?post=84054"}],"curies":[{"name":"wp","href":"https:\/\/api.w.org\/{rel}","templated":true}]}}