{"id":84345,"date":"2023-06-07T09:54:09","date_gmt":"2023-06-07T07:54:09","guid":{"rendered":"https:\/\/pgwear.net\/p\/ss23isd-koszulka-pilkarska-69\/"},"modified":"2026-04-29T13:45:25","modified_gmt":"2026-04-29T11:45:25","slug":"ss23isd-koszulka-pilkarska-69","status":"publish","type":"product","link":"https:\/\/pgwear.net\/pl\/p\/ss23isd-koszulka-pilkarska-69\/","title":{"rendered":"Koszulka Pi\u0142karska &#8220;69&#8221;"},"content":{"rendered":"<p>Nie ma znaczenia, czy jeste\u015b singlem lub jeste\u015b w zwi\u0105zku. Jeste\u015bmy przekonani, \u017ce obchodzisz Mi\u0119dzynarodowy Dzie\u0144 Seksu! Je\u015bli jednak chcesz go celebrowa\u0107 we w\u0142a\u015bciwy spos\u00f3b, spraw sobie now\u0105 <a href=\"https:\/\/pgwear.net\/pl\/feature\/koszulka-pilkarska\/\">koszulk\u0119 pi\u0142karsk\u0105 od PGWEAR ULTRAS SHOP<\/a>. To doskona\u0142y spos\u00f3b na uhonorowanie tego wyj\u0105tkowego dnia na ulicy, na stadionie lub w sypialni. Ten zabawny wz\u00f3r wywo\u0142a u\u015bmiech na twarzy wielu os\u00f3b. Niezale\u017cnie od tego, czy szukasz prezentu dla swoich bliskich, czy tylko dla siebie, ta limitowana koszulka b\u0119dzie doskona\u0142ym wyborem!<\/p>\n","protected":false},"excerpt":{"rendered":"<p>Nie ma znaczenia, czy jeste\u015b singlem lub jeste\u015b w zwi\u0105zku. Jeste\u015bmy przekonani, \u017ce obchodzisz Mi\u0119dzynarodowy Dzie\u0144 Seksu!<\/p>\n","protected":false},"featured_media":84353,"template":"","meta":{"_acf_changed":false},"product_brand":[],"product_cat":[376,372],"product_tag":[],"class_list":{"0":"post-84345","1":"product","2":"type-product","3":"status-publish","4":"has-post-thumbnail","6":"product_cat-nowosci","7":"product_cat-t-shirty","8":"pa_gramatura-160-gr-m2","9":"pa_kolekcja-wiosna-lato-2023","10":"pa_kolor-czarny","11":"pa_material-100-poliester","12":"pa_nadruk-przod-koszulki-zadrukowany-w-calosci","13":"pa_nadruk-tyl-koszulki-zadrukowany-w-calosci","14":"pa_rozmiar-l","15":"pa_rozmiar-m","16":"pa_rozmiar-s","17":"pa_rozmiar-xl","18":"pa_rozmiar-xxl","19":"pa_rozmiar-xxxl","20":"feature-koszulka-pilkarska","22":"first","23":"instock","24":"taxable","25":"shipping-taxable","26":"purchasable","27":"product-type-variable"},"acf":[],"_links":{"self":[{"href":"https:\/\/pgwear.net\/pl\/wp-json\/wp\/v2\/product\/84345","targetHints":{"allow":["GET"]}}],"collection":[{"href":"https:\/\/pgwear.net\/pl\/wp-json\/wp\/v2\/product"}],"about":[{"href":"https:\/\/pgwear.net\/pl\/wp-json\/wp\/v2\/types\/product"}],"wp:featuredmedia":[{"embeddable":true,"href":"https:\/\/pgwear.net\/pl\/wp-json\/wp\/v2\/media\/84353"}],"wp:attachment":[{"href":"https:\/\/pgwear.net\/pl\/wp-json\/wp\/v2\/media?parent=84345"}],"wp:term":[{"taxonomy":"product_brand","embeddable":true,"href":"https:\/\/pgwear.net\/pl\/wp-json\/wp\/v2\/product_brand?post=84345"},{"taxonomy":"product_cat","embeddable":true,"href":"https:\/\/pgwear.net\/pl\/wp-json\/wp\/v2\/product_cat?post=84345"},{"taxonomy":"product_tag","embeddable":true,"href":"https:\/\/pgwear.net\/pl\/wp-json\/wp\/v2\/product_tag?post=84345"}],"curies":[{"name":"wp","href":"https:\/\/api.w.org\/{rel}","templated":true}]}}