{"id":86031,"date":"2023-06-19T08:36:29","date_gmt":"2023-06-19T06:36:29","guid":{"rendered":"https:\/\/pgwear.net\/p\/swr22-t-shirt-its-my-drug-black\/"},"modified":"2026-04-20T11:21:27","modified_gmt":"2026-04-20T09:21:27","slug":"t-shirt-its-my-drug-czarny","status":"publish","type":"product","link":"https:\/\/pgwear.net\/pl\/p\/t-shirt-its-my-drug-czarny\/","title":{"rendered":"T-shirt &#8220;It&#8217;s my drug&#8221; Czarny"},"content":{"rendered":"<p><a href=\"https:\/\/pgwear.net\/pl\/feature\/motyw-piwa\/\">Piwo<\/a>, <a href=\"https:\/\/pgwear.net\/pl\/feature\/against-modern-football\/\">sprzeciw wobec nowoczesnego futbolu<\/a> oraz <a href=\"https:\/\/pgwear.net\/pl\/feature\/motyw-pyro\/\">pyro<\/a> \u2013 trzy symbole kultury ultras, bez kt\u00f3rych \u017caden ruch kibicowski nie mo\u017ce si\u0119 obej\u015b\u0107! Piwo symbolizuje czas relaksu z lojalnymi kumplami w pubie, podczas <a href=\"https:\/\/pgwear.net\/pl\/feature\/wyjazd\/\">wyjazd\u00f3w<\/a> lub w lokalnym pubie. Pi\u0142ka AMF przedstawia wszystkie najwa\u017cniejsze warto\u015bci kultury pi\u0142karskiej, kt\u00f3re nie zosta\u0142y jeszcze zniszczone przez pieni\u0105dze. Ostatnie, ale nie mniej wa\u017cne, s\u0105 race \u2013 symbol naszej pasji i mi\u0142o\u015bci podczas kibicowania na stadionie! To s\u0105 nasze uzale\u017cnienia! PGWEAR ULTRAS SHOP gwarantuje zawsze najlepsz\u0105 jako\u015b\u0107! Produkt wyprodukowany w Europie, w Polsce przez PGWEAR CUSTOMS.<\/p>\n","protected":false},"excerpt":{"rendered":"<p>Piwo, sprzeciw wobec nowoczesnego futbolu oraz pyro \u2013 trzy symbole kultury ultras, bez kt\u00f3rych \u017caden ruch kibicowski nie mo\u017ce si\u0119 obej\u015b\u0107!<\/p>\n","protected":false},"featured_media":86139,"template":"","meta":{"_acf_changed":false},"product_brand":[],"product_cat":[376,372],"product_tag":[],"class_list":{"0":"post-86031","1":"product","2":"type-product","3":"status-publish","4":"has-post-thumbnail","6":"product_cat-nowosci","7":"product_cat-t-shirty","8":"pa_gramatura-180-gr-m2","9":"pa_kolor-czarny","10":"pa_kroj-klasyczny","11":"pa_material-100-bawelna","12":"pa_nadruk-duzy-nadruk-na-klatce-piersiowej","13":"pa_rozmiar-l","14":"pa_rozmiar-m","15":"pa_rozmiar-s","16":"pa_rozmiar-xl","17":"pa_rozmiar-xxl","18":"pa_rozmiar-xxxl","19":"feature-motyw-pilki","20":"feature-motyw-piwa","21":"feature-motyw-pyro","23":"first","24":"instock","25":"taxable","26":"shipping-taxable","27":"purchasable","28":"product-type-variable"},"acf":[],"_links":{"self":[{"href":"https:\/\/pgwear.net\/pl\/wp-json\/wp\/v2\/product\/86031","targetHints":{"allow":["GET"]}}],"collection":[{"href":"https:\/\/pgwear.net\/pl\/wp-json\/wp\/v2\/product"}],"about":[{"href":"https:\/\/pgwear.net\/pl\/wp-json\/wp\/v2\/types\/product"}],"wp:featuredmedia":[{"embeddable":true,"href":"https:\/\/pgwear.net\/pl\/wp-json\/wp\/v2\/media\/86139"}],"wp:attachment":[{"href":"https:\/\/pgwear.net\/pl\/wp-json\/wp\/v2\/media?parent=86031"}],"wp:term":[{"taxonomy":"product_brand","embeddable":true,"href":"https:\/\/pgwear.net\/pl\/wp-json\/wp\/v2\/product_brand?post=86031"},{"taxonomy":"product_cat","embeddable":true,"href":"https:\/\/pgwear.net\/pl\/wp-json\/wp\/v2\/product_cat?post=86031"},{"taxonomy":"product_tag","embeddable":true,"href":"https:\/\/pgwear.net\/pl\/wp-json\/wp\/v2\/product_tag?post=86031"}],"curies":[{"name":"wp","href":"https:\/\/api.w.org\/{rel}","templated":true}]}}