{"id":86059,"date":"2023-06-19T10:34:07","date_gmt":"2023-06-19T08:34:07","guid":{"rendered":"https:\/\/pgwear.net\/p\/ss23se-t-shirt-sytp-x-pgwear-ii\/"},"modified":"2026-03-17T14:33:51","modified_gmt":"2026-03-17T13:33:51","slug":"ss23se-t-shirt-sytp-x-pgwear-ii","status":"publish","type":"product","link":"https:\/\/pgwear.net\/pl\/p\/ss23se-t-shirt-sytp-x-pgwear-ii\/","title":{"rendered":"T-shirt &#8220;SYTP x PGWEAR II&#8221;"},"content":{"rendered":"<p>Poznaj najlepszy sklep z odzie\u017c\u0105 dla ultras\u00f3w, chuligan\u00f3w i fanatyk\u00f3w pi\u0142ki no\u017cnej- PGWEAR oraz ich przyjaci\u00f3\u0142 sklep SAY YES TO PYRO \u2013 najlepszy, najszybszy i najbezpieczniejszy dostawca pirotechniki! To jest sklep, kt\u00f3remu mo\u017cesz zaufa\u0107! Do\u0142\u0105cz do ruchu nosz\u0105c ten wyj\u0105tkowy t-shirt zar\u00f3wno na ulicy jak i na stadionie! <a href=\"http:\/\/www.sayyestopyro.com\" rel=\"nofollow noopener\" target=\"_blank\">www.sayyestopyro.com<\/a> \u2013 najlepszy sklep z Pyro!<\/p>\n","protected":false},"excerpt":{"rendered":"<p><a href=\"https:\/\/www.sayyestopyro.com\">www.sayyestopyro.com<\/a> \u2013 najlepszy sklep z Pyro!<\/p>\n","protected":false},"featured_media":86104,"template":"","meta":{"_acf_changed":false},"product_brand":[],"product_cat":[376,372],"product_tag":[3277],"class_list":{"0":"post-86059","1":"product","2":"type-product","3":"status-publish","4":"has-post-thumbnail","6":"product_cat-nowosci","7":"product_cat-t-shirty","8":"product_tag-ostatnie-sztuki","9":"pa_gramatura-180-gr-m2","10":"pa_kolor-bialy","11":"pa_material-100-bawelna","12":"pa_nadruk-duzy-nadruk-na-plecach","13":"pa_nadruk-nadruk-na-sercu","14":"pa_rozmiar-l","15":"pa_rozmiar-m","16":"pa_rozmiar-s","17":"pa_rozmiar-xl","18":"pa_rozmiar-xxl","19":"pa_rozmiar-xxxl","20":"feature-motyw-pyro","22":"first","23":"outofstock","24":"taxable","25":"shipping-taxable","26":"product-type-variable"},"acf":[],"_links":{"self":[{"href":"https:\/\/pgwear.net\/pl\/wp-json\/wp\/v2\/product\/86059","targetHints":{"allow":["GET"]}}],"collection":[{"href":"https:\/\/pgwear.net\/pl\/wp-json\/wp\/v2\/product"}],"about":[{"href":"https:\/\/pgwear.net\/pl\/wp-json\/wp\/v2\/types\/product"}],"wp:featuredmedia":[{"embeddable":true,"href":"https:\/\/pgwear.net\/pl\/wp-json\/wp\/v2\/media\/86104"}],"wp:attachment":[{"href":"https:\/\/pgwear.net\/pl\/wp-json\/wp\/v2\/media?parent=86059"}],"wp:term":[{"taxonomy":"product_brand","embeddable":true,"href":"https:\/\/pgwear.net\/pl\/wp-json\/wp\/v2\/product_brand?post=86059"},{"taxonomy":"product_cat","embeddable":true,"href":"https:\/\/pgwear.net\/pl\/wp-json\/wp\/v2\/product_cat?post=86059"},{"taxonomy":"product_tag","embeddable":true,"href":"https:\/\/pgwear.net\/pl\/wp-json\/wp\/v2\/product_tag?post=86059"}],"curies":[{"name":"wp","href":"https:\/\/api.w.org\/{rel}","templated":true}]}}