{"id":8664,"date":"2022-01-21T12:04:53","date_gmt":"2022-01-21T11:04:53","guid":{"rendered":"https:\/\/dev.pgwear.net\/product\/aw21-sweater-oak-black\/"},"modified":"2026-04-17T12:09:20","modified_gmt":"2026-04-17T10:09:20","slug":"sweter-oak-black","status":"publish","type":"product","link":"https:\/\/pgwear.net\/pl\/p\/sweter-oak-black\/","title":{"rendered":"Sweter &#8220;Oak&#8221; Black"},"content":{"rendered":"<p>Mi\u0119kki sweter z dzianiny z wysokim ko\u0142nierzem i zamkiem przy szyi, kt\u00f3ry zapewni ciep\u0142o na ulicy i na stadionie. Dost\u0119pny w trzech wersjach kolorystycznych.<\/p>\n","protected":false},"excerpt":{"rendered":"<p>Mi\u0119kki sweter z dzianiny z wysokim ko\u0142nierzem i zamkiem przy szyi, kt\u00f3ry zapewni ciep\u0142o na ulicy i na stadionie.<\/p>\n","protected":false},"featured_media":9458,"template":"","meta":{"_acf_changed":false},"product_brand":[],"product_cat":[368],"product_tag":[],"class_list":{"0":"post-8664","1":"product","2":"type-product","3":"status-publish","4":"has-post-thumbnail","6":"product_cat-swetry","7":"pa_gramatura-340-gr-m2","8":"pa_kolekcja-jesien-zima-2021","9":"pa_kolor-czarny","10":"pa_material-30-poliester","11":"pa_material-70-bawelna","12":"pa_rozmiar-l","13":"pa_rozmiar-m","14":"pa_rozmiar-s","15":"pa_rozmiar-xl","16":"pa_rozmiar-xxl","17":"pa_rozmiar-xxxl","19":"first","20":"instock","21":"taxable","22":"shipping-taxable","23":"purchasable","24":"product-type-variable"},"acf":[],"_links":{"self":[{"href":"https:\/\/pgwear.net\/pl\/wp-json\/wp\/v2\/product\/8664","targetHints":{"allow":["GET"]}}],"collection":[{"href":"https:\/\/pgwear.net\/pl\/wp-json\/wp\/v2\/product"}],"about":[{"href":"https:\/\/pgwear.net\/pl\/wp-json\/wp\/v2\/types\/product"}],"wp:featuredmedia":[{"embeddable":true,"href":"https:\/\/pgwear.net\/pl\/wp-json\/wp\/v2\/media\/9458"}],"wp:attachment":[{"href":"https:\/\/pgwear.net\/pl\/wp-json\/wp\/v2\/media?parent=8664"}],"wp:term":[{"taxonomy":"product_brand","embeddable":true,"href":"https:\/\/pgwear.net\/pl\/wp-json\/wp\/v2\/product_brand?post=8664"},{"taxonomy":"product_cat","embeddable":true,"href":"https:\/\/pgwear.net\/pl\/wp-json\/wp\/v2\/product_cat?post=8664"},{"taxonomy":"product_tag","embeddable":true,"href":"https:\/\/pgwear.net\/pl\/wp-json\/wp\/v2\/product_tag?post=8664"}],"curies":[{"name":"wp","href":"https:\/\/api.w.org\/{rel}","templated":true}]}}