{"id":87133,"date":"2023-06-28T08:35:56","date_gmt":"2023-06-28T06:35:56","guid":{"rendered":"https:\/\/pgwear.net\/p\/ss23-okulary-glow\/"},"modified":"2026-04-21T12:21:18","modified_gmt":"2026-04-21T10:21:18","slug":"ss23-okulary-glow","status":"publish","type":"product","link":"https:\/\/pgwear.net\/pl\/p\/ss23-okulary-glow\/","title":{"rendered":"Okulary &#8220;Glow&#8221;"},"content":{"rendered":"<p>Okulary &#8220;Glow&#8221; s\u0105 nasz\u0105 propozycj\u0105 na nadchodz\u0105ce lato. Dzi\u0119ki filtrowi UV400 ochronisz oczy przed mocnym s\u0142o\u0144cem, ale r\u00f3wnie\u017c (a mo\u017ce przede wszystkim) przez ACAB i CCTV za r\u00f3wno na ulicy jak i na stadionie. Trzymaj fason i pozosta\u0144 anonimowym!<\/p>\n","protected":false},"excerpt":{"rendered":"<p>Okulary &#8220;Glow&#8221; s\u0105 nasz\u0105 propozycj\u0105 na nadchodz\u0105ce lato. Dzi\u0119ki filtrowi UV400 ochronisz oczy przed mocnym s\u0142o\u0144cem, ale r\u00f3wnie\u017c (a mo\u017ce przede wszystkim) przez ACAB i CCTV za r\u00f3wno na ulicy jak i na stadionie. Trzymaj fason i pozosta\u0144 anonimowym!<\/p>\n","protected":false},"featured_media":87135,"template":"","meta":{"_acf_changed":false},"product_brand":[],"product_cat":[375,376,3526],"product_tag":[],"class_list":{"0":"post-87133","1":"product","2":"type-product","3":"status-publish","4":"has-post-thumbnail","6":"product_cat-akcesoria","7":"product_cat-nowosci","8":"product_cat-pozostale-2","9":"pa_kolekcja-wiosna-lato-2023","10":"pa_kolor-czarny","11":"feature-okulary","13":"first","14":"instock","15":"taxable","16":"shipping-taxable","17":"purchasable","18":"product-type-simple"},"acf":[],"_links":{"self":[{"href":"https:\/\/pgwear.net\/pl\/wp-json\/wp\/v2\/product\/87133","targetHints":{"allow":["GET"]}}],"collection":[{"href":"https:\/\/pgwear.net\/pl\/wp-json\/wp\/v2\/product"}],"about":[{"href":"https:\/\/pgwear.net\/pl\/wp-json\/wp\/v2\/types\/product"}],"wp:featuredmedia":[{"embeddable":true,"href":"https:\/\/pgwear.net\/pl\/wp-json\/wp\/v2\/media\/87135"}],"wp:attachment":[{"href":"https:\/\/pgwear.net\/pl\/wp-json\/wp\/v2\/media?parent=87133"}],"wp:term":[{"taxonomy":"product_brand","embeddable":true,"href":"https:\/\/pgwear.net\/pl\/wp-json\/wp\/v2\/product_brand?post=87133"},{"taxonomy":"product_cat","embeddable":true,"href":"https:\/\/pgwear.net\/pl\/wp-json\/wp\/v2\/product_cat?post=87133"},{"taxonomy":"product_tag","embeddable":true,"href":"https:\/\/pgwear.net\/pl\/wp-json\/wp\/v2\/product_tag?post=87133"}],"curies":[{"name":"wp","href":"https:\/\/api.w.org\/{rel}","templated":true}]}}