{"id":88326,"date":"2023-07-07T12:07:42","date_gmt":"2023-07-07T10:07:42","guid":{"rendered":"https:\/\/pgwear.net\/p\/ss23se-spodenki-cargo-falcon-dark-grey\/"},"modified":"2026-04-20T10:09:40","modified_gmt":"2026-04-20T08:09:40","slug":"ss23se-spodenki-cargo-falcon-dark-grey","status":"publish","type":"product","link":"https:\/\/pgwear.net\/pl\/p\/ss23se-spodenki-cargo-falcon-dark-grey\/","title":{"rendered":"Spodenki Cargo &#8220;Falcon&#8221; Dark Grey"},"content":{"rendered":"<p>Nie od dzi\u015b wiadomo, \u017ce najlepsze spodnie dla fan\u00f3w pi\u0142ki no\u017cnej to boj\u00f3wki! Ale co zrobi\u0107, gdy na dworze jest ciep\u0142o, a Ty chcesz wnie\u015b\u0107 kilka rzeczy na trybuny? PGWEAR ma rozwi\u0105zanie: szorty boj\u00f3wki! Wype\u0142nij kieszenie niezb\u0119dnymi akcesoriami i wygl\u0105daj \u015bwietnie zar\u00f3wno na ulicy, jak i na stadionie!<\/p>\n","protected":false},"excerpt":{"rendered":"<p>Nie od dzi\u015b wiadomo, \u017ce najlepsze spodnie dla fan\u00f3w pi\u0142ki no\u017cnej to boj\u00f3wki!<\/p>\n","protected":false},"featured_media":88459,"template":"","meta":{"_acf_changed":false},"product_brand":[],"product_cat":[3506,376,369],"product_tag":[],"class_list":{"0":"post-88326","1":"product","2":"type-product","3":"status-publish","4":"has-post-thumbnail","6":"product_cat-cargo-2","7":"product_cat-nowosci","8":"product_cat-spodenki","9":"pa_gramatura-200-gr-m2","10":"pa_kolor-ciemny-szary","11":"pa_material-2-elastan","12":"pa_material-98-bawelna","13":"pa_rozmiar-l","14":"pa_rozmiar-m","15":"pa_rozmiar-s","16":"pa_rozmiar-xl","17":"pa_rozmiar-xxl","18":"pa_rozmiar-xxxl","19":"feature-bojowki","21":"first","22":"instock","23":"taxable","24":"shipping-taxable","25":"purchasable","26":"product-type-variable"},"acf":[],"_links":{"self":[{"href":"https:\/\/pgwear.net\/pl\/wp-json\/wp\/v2\/product\/88326","targetHints":{"allow":["GET"]}}],"collection":[{"href":"https:\/\/pgwear.net\/pl\/wp-json\/wp\/v2\/product"}],"about":[{"href":"https:\/\/pgwear.net\/pl\/wp-json\/wp\/v2\/types\/product"}],"wp:featuredmedia":[{"embeddable":true,"href":"https:\/\/pgwear.net\/pl\/wp-json\/wp\/v2\/media\/88459"}],"wp:attachment":[{"href":"https:\/\/pgwear.net\/pl\/wp-json\/wp\/v2\/media?parent=88326"}],"wp:term":[{"taxonomy":"product_brand","embeddable":true,"href":"https:\/\/pgwear.net\/pl\/wp-json\/wp\/v2\/product_brand?post=88326"},{"taxonomy":"product_cat","embeddable":true,"href":"https:\/\/pgwear.net\/pl\/wp-json\/wp\/v2\/product_cat?post=88326"},{"taxonomy":"product_tag","embeddable":true,"href":"https:\/\/pgwear.net\/pl\/wp-json\/wp\/v2\/product_tag?post=88326"}],"curies":[{"name":"wp","href":"https:\/\/api.w.org\/{rel}","templated":true}]}}