{"id":88347,"date":"2023-07-07T12:07:46","date_gmt":"2023-07-07T10:07:46","guid":{"rendered":"https:\/\/pgwear.net\/p\/ss23se-spodenki-chino-solid-sand\/"},"modified":"2026-03-16T12:53:39","modified_gmt":"2026-03-16T11:53:39","slug":"ss23se-spodenki-chino-solid-sand","status":"publish","type":"product","link":"https:\/\/pgwear.net\/pl\/p\/ss23se-spodenki-chino-solid-sand\/","title":{"rendered":"Spodenki Chino &#8220;Solid&#8221; Sand"},"content":{"rendered":"<p>Te kr\u00f3tkie, minimalistyczne i lekkie szorty na co dzie\u0144 to idealny wyb\u00f3r na gor\u0105ce letnie dni, kiedy musisz sp\u0119dzi\u0107 godziny podr\u00f3\u017cuj\u0105c z lojalnymi przyjaci\u00f3\u0142mi do innego miasta na mecz pi\u0142ki no\u017cnej swojej dru\u017cyny. Najwy\u017cszy komfort noszenia oraz styl gwarantowany!<\/p>\n","protected":false},"excerpt":{"rendered":"<p>Te kr\u00f3tkie, minimalistyczne i lekkie szorty na co dzie\u0144 to idealny wyb\u00f3r na gor\u0105ce letnie dni, kiedy musisz sp\u0119dzi\u0107 godziny podr\u00f3\u017cuj\u0105c z lojalnymi przyjaci\u00f3\u0142mi do innego miasta na mecz pi\u0142ki no\u017cnej swojej dru\u017cyny. Najwy\u017cszy komfort noszenia oraz styl gwarantowany!<\/p>\n","protected":false},"featured_media":88359,"template":"","meta":{"_acf_changed":false},"product_brand":[],"product_cat":[3507,376,369],"product_tag":[3277],"class_list":{"0":"post-88347","1":"product","2":"type-product","3":"status-publish","4":"has-post-thumbnail","6":"product_cat-chino","7":"product_cat-nowosci","8":"product_cat-spodenki","9":"product_tag-ostatnie-sztuki","10":"pa_gramatura-240-gr-m2","11":"pa_kolor-sand","12":"pa_material-2-elastan","13":"pa_material-98-bawelna","14":"pa_rozmiar-l","15":"pa_rozmiar-m","16":"pa_rozmiar-s","17":"pa_rozmiar-xl","18":"pa_rozmiar-xxl","19":"pa_rozmiar-xxxl","21":"first","22":"instock","23":"sale","24":"taxable","25":"shipping-taxable","26":"purchasable","27":"product-type-variable"},"acf":[],"_links":{"self":[{"href":"https:\/\/pgwear.net\/pl\/wp-json\/wp\/v2\/product\/88347","targetHints":{"allow":["GET"]}}],"collection":[{"href":"https:\/\/pgwear.net\/pl\/wp-json\/wp\/v2\/product"}],"about":[{"href":"https:\/\/pgwear.net\/pl\/wp-json\/wp\/v2\/types\/product"}],"wp:featuredmedia":[{"embeddable":true,"href":"https:\/\/pgwear.net\/pl\/wp-json\/wp\/v2\/media\/88359"}],"wp:attachment":[{"href":"https:\/\/pgwear.net\/pl\/wp-json\/wp\/v2\/media?parent=88347"}],"wp:term":[{"taxonomy":"product_brand","embeddable":true,"href":"https:\/\/pgwear.net\/pl\/wp-json\/wp\/v2\/product_brand?post=88347"},{"taxonomy":"product_cat","embeddable":true,"href":"https:\/\/pgwear.net\/pl\/wp-json\/wp\/v2\/product_cat?post=88347"},{"taxonomy":"product_tag","embeddable":true,"href":"https:\/\/pgwear.net\/pl\/wp-json\/wp\/v2\/product_tag?post=88347"}],"curies":[{"name":"wp","href":"https:\/\/api.w.org\/{rel}","templated":true}]}}