{"id":91380,"date":"2023-07-24T08:42:25","date_gmt":"2023-07-24T06:42:25","guid":{"rendered":"https:\/\/pgwear.net\/p\/aw16-t-shirt-sunday-funday\/"},"modified":"2026-03-23T07:19:47","modified_gmt":"2026-03-23T06:19:47","slug":"aw16-t-shirt-sunday-funday","status":"publish","type":"product","link":"https:\/\/pgwear.net\/pl\/p\/aw16-t-shirt-sunday-funday\/","title":{"rendered":"T-shirt &#8220;Sunday &#8211; Funday&#8221;"},"content":{"rendered":"<p>Oto koszulka, kt\u00f3ra idealnie oddaje ducha niedzielnego meczu! &#8220;Sunday &#8211; Funday&#8221; to has\u0142o, kt\u00f3re nie tylko przyci\u0105ga wzrok, ale te\u017c oddaje to, co kochamy najbardziej &#8211; futbolowe emocje, wsp\u00f3ln\u0105 zabaw\u0119 i wyj\u0105tkowy dreszczyk emocji w ka\u017cd\u0105 niedziel\u0119.<\/p>\n","protected":false},"excerpt":{"rendered":"<p>Oto koszulka, kt\u00f3ra idealnie oddaje ducha niedzielnego meczu! &#8220;Sunday &#8211; Funday&#8221; to has\u0142o, kt\u00f3re nie tylko przyci\u0105ga wzrok, ale te\u017c oddaje to, co kochamy najbardziej &#8211; futbolowe emocje, wsp\u00f3ln\u0105 zabaw\u0119 i wyj\u0105tkowy dreszczyk emocji w ka\u017cd\u0105 niedziel\u0119.<\/p>\n","protected":false},"featured_media":91392,"template":"","meta":{"_acf_changed":false},"product_brand":[],"product_cat":[376,372],"product_tag":[],"class_list":{"0":"post-91380","1":"product","2":"type-product","3":"status-publish","4":"has-post-thumbnail","6":"product_cat-nowosci","7":"product_cat-t-shirty","8":"pa_gramatura-180-gr-m2","9":"pa_kolekcja-wiosna-lato-2023","10":"pa_kolor-granatowy","11":"pa_material-100-bawelna","12":"pa_nadruk-duzy-nadruk-na-klatce-piersiowej","13":"pa_rozmiar-l","14":"pa_rozmiar-m","15":"pa_rozmiar-s","16":"pa_rozmiar-xl","17":"pa_rozmiar-xxl","18":"pa_rozmiar-xxxl","20":"first","21":"instock","22":"taxable","23":"shipping-taxable","24":"purchasable","25":"product-type-variable"},"acf":[],"_links":{"self":[{"href":"https:\/\/pgwear.net\/pl\/wp-json\/wp\/v2\/product\/91380","targetHints":{"allow":["GET"]}}],"collection":[{"href":"https:\/\/pgwear.net\/pl\/wp-json\/wp\/v2\/product"}],"about":[{"href":"https:\/\/pgwear.net\/pl\/wp-json\/wp\/v2\/types\/product"}],"wp:featuredmedia":[{"embeddable":true,"href":"https:\/\/pgwear.net\/pl\/wp-json\/wp\/v2\/media\/91392"}],"wp:attachment":[{"href":"https:\/\/pgwear.net\/pl\/wp-json\/wp\/v2\/media?parent=91380"}],"wp:term":[{"taxonomy":"product_brand","embeddable":true,"href":"https:\/\/pgwear.net\/pl\/wp-json\/wp\/v2\/product_brand?post=91380"},{"taxonomy":"product_cat","embeddable":true,"href":"https:\/\/pgwear.net\/pl\/wp-json\/wp\/v2\/product_cat?post=91380"},{"taxonomy":"product_tag","embeddable":true,"href":"https:\/\/pgwear.net\/pl\/wp-json\/wp\/v2\/product_tag?post=91380"}],"curies":[{"name":"wp","href":"https:\/\/api.w.org\/{rel}","templated":true}]}}