{"id":93814,"date":"2023-08-07T13:45:12","date_gmt":"2023-08-07T11:45:12","guid":{"rendered":"https:\/\/pgwear.net\/p\/aw23-kamizelka-jared-black\/"},"modified":"2026-04-23T12:21:24","modified_gmt":"2026-04-23T10:21:24","slug":"kamizelka-jared-czarna","status":"publish","type":"product","link":"https:\/\/pgwear.net\/pl\/p\/kamizelka-jared-czarna\/","title":{"rendered":"Kamizelka &#8220;Jared&#8221; Czarna"},"content":{"rendered":"<p><a href=\"https:\/\/pgwear.net\/pl\/feature\/kamizelka\/\">Kamizelka<\/a> &#8220;Jared&#8221; to produkt, kt\u00f3ry idealnie sprawdzi si\u0119 na pocz\u0105tku wiosny oraz jesieni. Produkt wykonany z <a href=\"https:\/\/pgwear.net\/pl\/feature\/wodoodporny\/\">wodoodpornej tkaniny<\/a>, posiada dwie <a href=\"https:\/\/pgwear.net\/pl\/feature\/duza-kieszen\/\">pojemne kieszenie<\/a> zapinane na zamki. Idealny artyku\u0142 do noszenia z bluz\u0105 z kapturem b\u0105d\u017a klasycznym sweatshirtem.<\/p>\n","protected":false},"excerpt":{"rendered":"<p>Kamizelka &#8220;Jared&#8221; to produkt, kt\u00f3ry idealnie sprawdzi si\u0119 na pocz\u0105tku wiosny oraz jesieni. Produkt wykonany z wodoodpornej tkaniny, posiada dwie pojemne kieszenie zapinane na zamki. Idealny artyku\u0142 do noszenia z bluz\u0105 z kapturem b\u0105d\u017a klasycznym sweatshirtem.<\/p>\n","protected":false},"featured_media":93776,"template":"","meta":{"_acf_changed":false},"product_brand":[],"product_cat":[3487],"product_tag":[3839,2297,3277,2837],"class_list":{"0":"post-93814","1":"product","2":"type-product","3":"status-publish","4":"has-post-thumbnail","6":"product_cat-kamizelki","7":"product_tag-blue-monday","8":"product_tag-jesien-zima-2023","9":"product_tag-ostatnie-sztuki","10":"product_tag-sale","11":"pa_gramatura-120-gr-m2","12":"pa_kolekcja-jesien-zima-2023","13":"pa_kolor-czarny","14":"pa_material-100-poliester","15":"pa_rozmiar-l","16":"pa_rozmiar-m","17":"pa_rozmiar-s","18":"pa_rozmiar-xl","19":"pa_rozmiar-xxl","20":"pa_rozmiar-xxxl","21":"feature-kamizelka","23":"first","24":"instock","25":"sale","26":"taxable","27":"shipping-taxable","28":"purchasable","29":"product-type-variable"},"acf":[],"_links":{"self":[{"href":"https:\/\/pgwear.net\/pl\/wp-json\/wp\/v2\/product\/93814","targetHints":{"allow":["GET"]}}],"collection":[{"href":"https:\/\/pgwear.net\/pl\/wp-json\/wp\/v2\/product"}],"about":[{"href":"https:\/\/pgwear.net\/pl\/wp-json\/wp\/v2\/types\/product"}],"wp:featuredmedia":[{"embeddable":true,"href":"https:\/\/pgwear.net\/pl\/wp-json\/wp\/v2\/media\/93776"}],"wp:attachment":[{"href":"https:\/\/pgwear.net\/pl\/wp-json\/wp\/v2\/media?parent=93814"}],"wp:term":[{"taxonomy":"product_brand","embeddable":true,"href":"https:\/\/pgwear.net\/pl\/wp-json\/wp\/v2\/product_brand?post=93814"},{"taxonomy":"product_cat","embeddable":true,"href":"https:\/\/pgwear.net\/pl\/wp-json\/wp\/v2\/product_cat?post=93814"},{"taxonomy":"product_tag","embeddable":true,"href":"https:\/\/pgwear.net\/pl\/wp-json\/wp\/v2\/product_tag?post=93814"}],"curies":[{"name":"wp","href":"https:\/\/api.w.org\/{rel}","templated":true}]}}