{"id":95341,"date":"2023-08-17T13:05:48","date_gmt":"2023-08-17T11:05:48","guid":{"rendered":"https:\/\/pgwear.net\/p\/aw23-spodnie-chino-bronson-sand\/"},"modified":"2026-04-17T11:57:23","modified_gmt":"2026-04-17T09:57:23","slug":"aw23-spodnie-chino-bronson-sand","status":"publish","type":"product","link":"https:\/\/pgwear.net\/pl\/p\/aw23-spodnie-chino-bronson-sand\/","title":{"rendered":"Spodnie Chino &#8220;Bronson&#8221; Sand"},"content":{"rendered":"<p>Stw\u00f3rz z PGWEAR swoj\u0105 codzienn\u0105 garderob\u0119! Chinosy BRONSON to absolutny must-have, ten klasyczny i minimalistyczny element garderoby jest idealny dla ka\u017cdego fana pi\u0142ki no\u017cnej (i nie tylko!), kt\u00f3ry mo\u017cna nosi\u0107 zar\u00f3wno na ulicy, na stadionie jak i gdziekolwiek indziej!<\/p>\n","protected":false},"excerpt":{"rendered":"<p>Stw\u00f3rz z PGWEAR swoj\u0105 codzienn\u0105 garderob\u0119! Chinosy BRONSON to absolutny must-have, ten klasyczny i minimalistyczny element garderoby jest idealny dla ka\u017cdego fana pi\u0142ki no\u017cnej (i nie tylko!), kt\u00f3ry mo\u017cna nosi\u0107 zar\u00f3wno na ulicy, na stadionie jak i gdziekolwiek indziej!<\/p>\n","protected":false},"featured_media":95360,"template":"","meta":{"_acf_changed":false},"product_brand":[],"product_cat":[373],"product_tag":[2297],"class_list":{"0":"post-95341","1":"product","2":"type-product","3":"status-publish","4":"has-post-thumbnail","6":"product_cat-spodnie","7":"product_tag-jesien-zima-2023","8":"pa_gramatura-240-gr-m2","9":"pa_kolor-bezowy","10":"pa_material-2-elastan","11":"pa_material-98-bawelna","12":"pa_rozmiar-l","13":"pa_rozmiar-m","14":"pa_rozmiar-s","15":"pa_rozmiar-xl","16":"pa_rozmiar-xxl","17":"pa_rozmiar-xxxl","19":"first","20":"instock","21":"sale","22":"taxable","23":"shipping-taxable","24":"purchasable","25":"product-type-variable"},"acf":[],"_links":{"self":[{"href":"https:\/\/pgwear.net\/pl\/wp-json\/wp\/v2\/product\/95341","targetHints":{"allow":["GET"]}}],"collection":[{"href":"https:\/\/pgwear.net\/pl\/wp-json\/wp\/v2\/product"}],"about":[{"href":"https:\/\/pgwear.net\/pl\/wp-json\/wp\/v2\/types\/product"}],"wp:featuredmedia":[{"embeddable":true,"href":"https:\/\/pgwear.net\/pl\/wp-json\/wp\/v2\/media\/95360"}],"wp:attachment":[{"href":"https:\/\/pgwear.net\/pl\/wp-json\/wp\/v2\/media?parent=95341"}],"wp:term":[{"taxonomy":"product_brand","embeddable":true,"href":"https:\/\/pgwear.net\/pl\/wp-json\/wp\/v2\/product_brand?post=95341"},{"taxonomy":"product_cat","embeddable":true,"href":"https:\/\/pgwear.net\/pl\/wp-json\/wp\/v2\/product_cat?post=95341"},{"taxonomy":"product_tag","embeddable":true,"href":"https:\/\/pgwear.net\/pl\/wp-json\/wp\/v2\/product_tag?post=95341"}],"curies":[{"name":"wp","href":"https:\/\/api.w.org\/{rel}","templated":true}]}}