{"id":95626,"date":"2023-08-18T12:58:12","date_gmt":"2023-08-18T10:58:12","guid":{"rendered":"https:\/\/pgwear.net\/p\/aw23-torba-na-pas-tactical-olive\/"},"modified":"2026-03-06T11:54:08","modified_gmt":"2026-03-06T10:54:08","slug":"aw23-torba-na-pas-tactical-olive","status":"publish","type":"product","link":"https:\/\/pgwear.net\/pl\/p\/aw23-torba-na-pas-tactical-olive\/","title":{"rendered":"Torba na pas &#8220;Tactical&#8221; Olive"},"content":{"rendered":"<p>Zabierz ze sob\u0105 wszystkie potrzebne rzeczy na miasto lub na mecz i trzymaj je w torbie na pas od PGWEAR! To <a href=\"https:\/\/pgwear.net\/pl\/c\/akcesoria\/\">akcesorium<\/a> uzupe\u0142ni ka\u017cd\u0105 garderob\u0119, pocz\u0105wszy od maniak\u00f3w mody casual, a\u017c po zagorza\u0142ych fanatyk\u00f3w pi\u0142ki no\u017cnej, ultras\u00f3w czy chuligan\u00f3w!<\/p>\n","protected":false},"excerpt":{"rendered":"<p>Zabierz ze sob\u0105 wszystkie potrzebne rzeczy na miasto lub na mecz i trzymaj je w torbie na pas od PGWEAR!<\/p>\n","protected":false},"featured_media":95633,"template":"","meta":{"_acf_changed":false},"product_brand":[],"product_cat":[3514],"product_tag":[2297,2837],"class_list":{"0":"post-95626","1":"product","2":"type-product","3":"status-publish","4":"has-post-thumbnail","6":"product_cat-torby-na-pas","7":"product_tag-jesien-zima-2023","8":"product_tag-sale","9":"pa_gramatura-80-gr-m2","10":"pa_kolekcja-jesien-zima-2023","11":"pa_kolor-oliwkowy","12":"pa_material-100-poliester","14":"first","15":"instock","16":"taxable","17":"shipping-taxable","18":"purchasable","19":"product-type-simple"},"acf":[],"_links":{"self":[{"href":"https:\/\/pgwear.net\/pl\/wp-json\/wp\/v2\/product\/95626","targetHints":{"allow":["GET"]}}],"collection":[{"href":"https:\/\/pgwear.net\/pl\/wp-json\/wp\/v2\/product"}],"about":[{"href":"https:\/\/pgwear.net\/pl\/wp-json\/wp\/v2\/types\/product"}],"wp:featuredmedia":[{"embeddable":true,"href":"https:\/\/pgwear.net\/pl\/wp-json\/wp\/v2\/media\/95633"}],"wp:attachment":[{"href":"https:\/\/pgwear.net\/pl\/wp-json\/wp\/v2\/media?parent=95626"}],"wp:term":[{"taxonomy":"product_brand","embeddable":true,"href":"https:\/\/pgwear.net\/pl\/wp-json\/wp\/v2\/product_brand?post=95626"},{"taxonomy":"product_cat","embeddable":true,"href":"https:\/\/pgwear.net\/pl\/wp-json\/wp\/v2\/product_cat?post=95626"},{"taxonomy":"product_tag","embeddable":true,"href":"https:\/\/pgwear.net\/pl\/wp-json\/wp\/v2\/product_tag?post=95626"}],"curies":[{"name":"wp","href":"https:\/\/api.w.org\/{rel}","templated":true}]}}