{"id":9804,"date":"2022-01-26T14:57:11","date_gmt":"2022-01-26T13:57:11","guid":{"rendered":"https:\/\/dev.pgwear.net\/p\/komin-bw\/"},"modified":"2026-04-02T10:07:31","modified_gmt":"2026-04-02T08:07:31","slug":"komin-bialy-niebieski","status":"publish","type":"product","link":"https:\/\/pgwear.net\/pl\/p\/komin-bialy-niebieski\/","title":{"rendered":"Komin Bia\u0142y\/Niebieski"},"content":{"rendered":"<p>Niezast\u0105piony element do noszenia zar\u00f3wno na ulicy i na stadionie. Wyprodukowany przez PGWEAR CUSTOMS z najwy\u017cszej jako\u015bci materia\u0142\u00f3w.<\/p>\n","protected":false},"excerpt":{"rendered":"<p>Wyprodukowany przez PGWEAR CUSTOMS z najwy\u017cszej jako\u015bci materia\u0142\u00f3w.<\/p>\n","protected":false},"featured_media":13998,"template":"","meta":{"_acf_changed":false},"product_brand":[],"product_cat":[370,3513],"product_tag":[3839],"class_list":{"0":"post-9804","1":"product","2":"type-product","3":"status-publish","4":"has-post-thumbnail","6":"product_cat-kominiarki","7":"product_cat-kominy","8":"product_tag-blue-monday","9":"pa_gramatura-180-gr-m2","10":"pa_kolor-bialy-niebieski","11":"pa_material-4-lycra","12":"pa_material-96-bawelna","13":"feature-komin","15":"first","16":"instock","17":"taxable","18":"shipping-taxable","19":"purchasable","20":"product-type-simple"},"acf":[],"_links":{"self":[{"href":"https:\/\/pgwear.net\/pl\/wp-json\/wp\/v2\/product\/9804","targetHints":{"allow":["GET"]}}],"collection":[{"href":"https:\/\/pgwear.net\/pl\/wp-json\/wp\/v2\/product"}],"about":[{"href":"https:\/\/pgwear.net\/pl\/wp-json\/wp\/v2\/types\/product"}],"wp:featuredmedia":[{"embeddable":true,"href":"https:\/\/pgwear.net\/pl\/wp-json\/wp\/v2\/media\/13998"}],"wp:attachment":[{"href":"https:\/\/pgwear.net\/pl\/wp-json\/wp\/v2\/media?parent=9804"}],"wp:term":[{"taxonomy":"product_brand","embeddable":true,"href":"https:\/\/pgwear.net\/pl\/wp-json\/wp\/v2\/product_brand?post=9804"},{"taxonomy":"product_cat","embeddable":true,"href":"https:\/\/pgwear.net\/pl\/wp-json\/wp\/v2\/product_cat?post=9804"},{"taxonomy":"product_tag","embeddable":true,"href":"https:\/\/pgwear.net\/pl\/wp-json\/wp\/v2\/product_tag?post=9804"}],"curies":[{"name":"wp","href":"https:\/\/api.w.org\/{rel}","templated":true}]}}