{"id":9805,"date":"2022-01-26T14:57:11","date_gmt":"2022-01-26T13:57:11","guid":{"rendered":"https:\/\/dev.pgwear.net\/p\/komin-rw\/"},"modified":"2026-04-07T13:00:17","modified_gmt":"2026-04-07T11:00:17","slug":"komin-bialy-czerwony","status":"publish","type":"product","link":"https:\/\/pgwear.net\/pl\/p\/komin-bialy-czerwony\/","title":{"rendered":"Komin Bia\u0142y\/Czerwony"},"content":{"rendered":"<p>Niezast\u0105piony element do noszenia zar\u00f3wno na ulicy i na stadionie. Wyprodukowany przez PGWEAR CUSTOMS z najwy\u017cszej jako\u015bci materia\u0142\u00f3w.<\/p>\n","protected":false},"excerpt":{"rendered":"<p>Wyprodukowany przez PGWEAR CUSTOMS z najwy\u017cszej jako\u015bci materia\u0142\u00f3w.<\/p>\n","protected":false},"featured_media":13964,"template":"","meta":{"_acf_changed":false},"product_brand":[],"product_cat":[370,3513],"product_tag":[],"class_list":{"0":"post-9805","1":"product","2":"type-product","3":"status-publish","4":"has-post-thumbnail","6":"product_cat-kominiarki","7":"product_cat-kominy","8":"pa_gramatura-180-gr-m2","9":"pa_kolor-bialy-czerwony","10":"pa_material-4-lycra","11":"pa_material-96-bawelna","12":"feature-komin","14":"first","15":"instock","16":"taxable","17":"shipping-taxable","18":"purchasable","19":"product-type-simple"},"acf":[],"_links":{"self":[{"href":"https:\/\/pgwear.net\/pl\/wp-json\/wp\/v2\/product\/9805","targetHints":{"allow":["GET"]}}],"collection":[{"href":"https:\/\/pgwear.net\/pl\/wp-json\/wp\/v2\/product"}],"about":[{"href":"https:\/\/pgwear.net\/pl\/wp-json\/wp\/v2\/types\/product"}],"wp:featuredmedia":[{"embeddable":true,"href":"https:\/\/pgwear.net\/pl\/wp-json\/wp\/v2\/media\/13964"}],"wp:attachment":[{"href":"https:\/\/pgwear.net\/pl\/wp-json\/wp\/v2\/media?parent=9805"}],"wp:term":[{"taxonomy":"product_brand","embeddable":true,"href":"https:\/\/pgwear.net\/pl\/wp-json\/wp\/v2\/product_brand?post=9805"},{"taxonomy":"product_cat","embeddable":true,"href":"https:\/\/pgwear.net\/pl\/wp-json\/wp\/v2\/product_cat?post=9805"},{"taxonomy":"product_tag","embeddable":true,"href":"https:\/\/pgwear.net\/pl\/wp-json\/wp\/v2\/product_tag?post=9805"}],"curies":[{"name":"wp","href":"https:\/\/api.w.org\/{rel}","templated":true}]}}