{"id":9806,"date":"2022-01-26T14:57:11","date_gmt":"2022-01-26T13:57:11","guid":{"rendered":"https:\/\/dev.pgwear.net\/p\/komin-sg\/"},"modified":"2026-03-27T06:43:27","modified_gmt":"2026-03-27T05:43:27","slug":"komin-zolty-czarny","status":"publish","type":"product","link":"https:\/\/pgwear.net\/pl\/p\/komin-zolty-czarny\/","title":{"rendered":"Komin \u017b\u00f3\u0142ty\/Czarny"},"content":{"rendered":"<p>Niezast\u0105piony element do noszenia zar\u00f3wno na ulicy i na stadionie. Wyprodukowany przez PGWEAR CUSTOMS z najwy\u017cszej jako\u015bci materia\u0142\u00f3w.<\/p>\n","protected":false},"excerpt":{"rendered":"<p>Wyprodukowany przez PGWEAR CUSTOMS z najwy\u017cszej jako\u015bci materia\u0142\u00f3w.<\/p>\n","protected":false},"featured_media":13981,"template":"","meta":{"_acf_changed":false},"product_brand":[],"product_cat":[370,3513],"product_tag":[],"class_list":{"0":"post-9806","1":"product","2":"type-product","3":"status-publish","4":"has-post-thumbnail","6":"product_cat-kominiarki","7":"product_cat-kominy","8":"pa_gramatura-180-gr-m2","9":"pa_kolor-zolty-czarny","10":"pa_material-4-lycra","11":"pa_material-96-bawelna","12":"feature-komin","14":"first","15":"instock","16":"taxable","17":"shipping-taxable","18":"purchasable","19":"product-type-simple"},"acf":[],"_links":{"self":[{"href":"https:\/\/pgwear.net\/pl\/wp-json\/wp\/v2\/product\/9806","targetHints":{"allow":["GET"]}}],"collection":[{"href":"https:\/\/pgwear.net\/pl\/wp-json\/wp\/v2\/product"}],"about":[{"href":"https:\/\/pgwear.net\/pl\/wp-json\/wp\/v2\/types\/product"}],"wp:featuredmedia":[{"embeddable":true,"href":"https:\/\/pgwear.net\/pl\/wp-json\/wp\/v2\/media\/13981"}],"wp:attachment":[{"href":"https:\/\/pgwear.net\/pl\/wp-json\/wp\/v2\/media?parent=9806"}],"wp:term":[{"taxonomy":"product_brand","embeddable":true,"href":"https:\/\/pgwear.net\/pl\/wp-json\/wp\/v2\/product_brand?post=9806"},{"taxonomy":"product_cat","embeddable":true,"href":"https:\/\/pgwear.net\/pl\/wp-json\/wp\/v2\/product_cat?post=9806"},{"taxonomy":"product_tag","embeddable":true,"href":"https:\/\/pgwear.net\/pl\/wp-json\/wp\/v2\/product_tag?post=9806"}],"curies":[{"name":"wp","href":"https:\/\/api.w.org\/{rel}","templated":true}]}}