{"id":9808,"date":"2022-01-26T14:57:11","date_gmt":"2022-01-26T13:57:11","guid":{"rendered":"https:\/\/dev.pgwear.net\/p\/karta-podarunkowa-50\/"},"modified":"2026-04-17T11:57:17","modified_gmt":"2026-04-17T09:57:17","slug":"karta-podarunkowa-50","status":"publish","type":"product","link":"https:\/\/pgwear.net\/pl\/p\/karta-podarunkowa-50\/","title":{"rendered":"Karta Podarunkowa &#8220;50&#8221;"},"content":{"rendered":"<p>\u0141adnie zapakowany bon upominkowy zawiera kod, kt\u00f3ry mo\u017cna zrealizowa\u0107 w SKLEPIE PGWEAR. Warto\u015b\u0107 &#8211; 50 pln.<br \/>\nVoucher wa\u017cny rok od daty zakupu.<\/p>\n","protected":false},"excerpt":{"rendered":"<p>\u0141adnie zapakowany bon upominkowy zawiera kod, kt\u00f3ry mo\u017cna zrealizowa\u0107 w SKLEPIE PGWEAR.<\/p>\n","protected":false},"featured_media":19782,"template":"","meta":{"_acf_changed":false},"product_brand":[],"product_cat":[502,501,375,3525],"product_tag":[2989],"class_list":{"0":"post-9808","1":"product","2":"type-product","3":"status-publish","4":"has-post-thumbnail","6":"product_cat-accessories-de","7":"product_cat-accessories","8":"product_cat-akcesoria","9":"product_cat-karty-podarunkowe-2","10":"product_tag-karta-podarunkowa","12":"first","13":"instock","14":"taxable","15":"shipping-taxable","16":"purchasable","17":"product-type-simple"},"acf":[],"_links":{"self":[{"href":"https:\/\/pgwear.net\/pl\/wp-json\/wp\/v2\/product\/9808","targetHints":{"allow":["GET"]}}],"collection":[{"href":"https:\/\/pgwear.net\/pl\/wp-json\/wp\/v2\/product"}],"about":[{"href":"https:\/\/pgwear.net\/pl\/wp-json\/wp\/v2\/types\/product"}],"wp:featuredmedia":[{"embeddable":true,"href":"https:\/\/pgwear.net\/pl\/wp-json\/wp\/v2\/media\/19782"}],"wp:attachment":[{"href":"https:\/\/pgwear.net\/pl\/wp-json\/wp\/v2\/media?parent=9808"}],"wp:term":[{"taxonomy":"product_brand","embeddable":true,"href":"https:\/\/pgwear.net\/pl\/wp-json\/wp\/v2\/product_brand?post=9808"},{"taxonomy":"product_cat","embeddable":true,"href":"https:\/\/pgwear.net\/pl\/wp-json\/wp\/v2\/product_cat?post=9808"},{"taxonomy":"product_tag","embeddable":true,"href":"https:\/\/pgwear.net\/pl\/wp-json\/wp\/v2\/product_tag?post=9808"}],"curies":[{"name":"wp","href":"https:\/\/api.w.org\/{rel}","templated":true}]}}