{"id":9828,"date":"2022-01-26T14:57:14","date_gmt":"2022-01-26T13:57:14","guid":{"rendered":"https:\/\/dev.pgwear.net\/p\/kominiarka-50-50-007\/"},"modified":"2026-04-13T14:36:37","modified_gmt":"2026-04-13T12:36:37","slug":"kominiarka-50-50-zolty-niebieski","status":"publish","type":"product","link":"https:\/\/pgwear.net\/pl\/p\/kominiarka-50-50-zolty-niebieski\/","title":{"rendered":"Kominiarka 50\/50 \u017b\u00f3\u0142ty\/Niebieski"},"content":{"rendered":"<p>Uniknij zakazu stadionowego dzi\u0119ki kominiarce! Pozosta\u0144 anonimowy przed policja, kamerami oraz wrogami, zar\u00f3wno na ulicy jak i na stadionie!<\/p>\n","protected":false},"excerpt":{"rendered":"<p>Pozosta\u0144 anonimowy przed policja, kamerami oraz wrogami, zar\u00f3wno na ulicy jak i na stadionie!<\/p>\n","protected":false},"featured_media":14149,"template":"","meta":{"_acf_changed":false},"product_brand":[],"product_cat":[370,3512],"product_tag":[3839],"class_list":{"0":"post-9828","1":"product","2":"type-product","3":"status-publish","4":"has-post-thumbnail","6":"product_cat-kominiarki","7":"product_cat-komiarki","8":"product_tag-blue-monday","9":"pa_gramatura-180-gr-m2","10":"pa_kolor-niebieski","11":"pa_kolor-zolty","12":"pa_kolor-zolty-niebieski","13":"pa_material-4-lycra","14":"pa_material-96-bawelna","16":"first","17":"instock","18":"taxable","19":"shipping-taxable","20":"purchasable","21":"product-type-simple"},"acf":[],"_links":{"self":[{"href":"https:\/\/pgwear.net\/pl\/wp-json\/wp\/v2\/product\/9828","targetHints":{"allow":["GET"]}}],"collection":[{"href":"https:\/\/pgwear.net\/pl\/wp-json\/wp\/v2\/product"}],"about":[{"href":"https:\/\/pgwear.net\/pl\/wp-json\/wp\/v2\/types\/product"}],"wp:featuredmedia":[{"embeddable":true,"href":"https:\/\/pgwear.net\/pl\/wp-json\/wp\/v2\/media\/14149"}],"wp:attachment":[{"href":"https:\/\/pgwear.net\/pl\/wp-json\/wp\/v2\/media?parent=9828"}],"wp:term":[{"taxonomy":"product_brand","embeddable":true,"href":"https:\/\/pgwear.net\/pl\/wp-json\/wp\/v2\/product_brand?post=9828"},{"taxonomy":"product_cat","embeddable":true,"href":"https:\/\/pgwear.net\/pl\/wp-json\/wp\/v2\/product_cat?post=9828"},{"taxonomy":"product_tag","embeddable":true,"href":"https:\/\/pgwear.net\/pl\/wp-json\/wp\/v2\/product_tag?post=9828"}],"curies":[{"name":"wp","href":"https:\/\/api.w.org\/{rel}","templated":true}]}}