{"id":9829,"date":"2022-01-26T14:57:14","date_gmt":"2022-01-26T13:57:14","guid":{"rendered":"https:\/\/dev.pgwear.net\/p\/kominiarka-50-50-008\/"},"modified":"2026-03-30T12:07:26","modified_gmt":"2026-03-30T10:07:26","slug":"kominiarka-50-50-bialy-czarny","status":"publish","type":"product","link":"https:\/\/pgwear.net\/pl\/p\/kominiarka-50-50-bialy-czarny\/","title":{"rendered":"Kominiarka 50\/50 Bia\u0142y\/Czarny"},"content":{"rendered":"<p>Uniknij zakazu stadionowego dzi\u0119ki kominiarce! Pozosta\u0144 anonimowy przed policja, kamerami oraz wrogami, zar\u00f3wno na ulicy jak i na stadionie!<\/p>\n","protected":false},"excerpt":{"rendered":"<p>Pozosta\u0144 anonimowy przed policja, kamerami oraz wrogami, zar\u00f3wno na ulicy jak i na stadionie!<\/p>\n","protected":false},"featured_media":14166,"template":"","meta":{"_acf_changed":false},"product_brand":[],"product_cat":[3512,370],"product_tag":[],"class_list":{"0":"post-9829","1":"product","2":"type-product","3":"status-publish","4":"has-post-thumbnail","6":"product_cat-komiarki","7":"product_cat-kominiarki","8":"pa_gramatura-180-gr-m2","9":"pa_kolor-bialy","10":"pa_kolor-bialy-czarny","11":"pa_kolor-czarny","12":"pa_material-4-lycra","13":"pa_material-96-bawelna","15":"first","16":"instock","17":"taxable","18":"shipping-taxable","19":"purchasable","20":"product-type-simple"},"acf":[],"_links":{"self":[{"href":"https:\/\/pgwear.net\/pl\/wp-json\/wp\/v2\/product\/9829","targetHints":{"allow":["GET"]}}],"collection":[{"href":"https:\/\/pgwear.net\/pl\/wp-json\/wp\/v2\/product"}],"about":[{"href":"https:\/\/pgwear.net\/pl\/wp-json\/wp\/v2\/types\/product"}],"wp:featuredmedia":[{"embeddable":true,"href":"https:\/\/pgwear.net\/pl\/wp-json\/wp\/v2\/media\/14166"}],"wp:attachment":[{"href":"https:\/\/pgwear.net\/pl\/wp-json\/wp\/v2\/media?parent=9829"}],"wp:term":[{"taxonomy":"product_brand","embeddable":true,"href":"https:\/\/pgwear.net\/pl\/wp-json\/wp\/v2\/product_brand?post=9829"},{"taxonomy":"product_cat","embeddable":true,"href":"https:\/\/pgwear.net\/pl\/wp-json\/wp\/v2\/product_cat?post=9829"},{"taxonomy":"product_tag","embeddable":true,"href":"https:\/\/pgwear.net\/pl\/wp-json\/wp\/v2\/product_tag?post=9829"}],"curies":[{"name":"wp","href":"https:\/\/api.w.org\/{rel}","templated":true}]}}