{"id":9841,"date":"2022-01-26T14:57:16","date_gmt":"2022-01-26T13:57:16","guid":{"rendered":"https:\/\/dev.pgwear.net\/p\/kominiarka-016\/"},"modified":"2026-05-15T09:59:41","modified_gmt":"2026-05-15T07:59:41","slug":"kominiarka-vandal-zielony-bialy-zielony","status":"publish","type":"product","link":"https:\/\/pgwear.net\/pl\/p\/kominiarka-vandal-zielony-bialy-zielony\/","title":{"rendered":"Kominiarka Vandal Zielony\/Bia\u0142y\/Zielony"},"content":{"rendered":"<p>Uniknij zakazu stadionowego dzi\u0119ki kominiarce! Pozosta\u0144 anonimowy przed policja, kamerami oraz wrogami, zar\u00f3wno na ulicy jak i na stadionie!<\/p>\n","protected":false},"excerpt":{"rendered":"<p>Pozosta\u0144 anonimowy przed policja, kamerami oraz wrogami, zar\u00f3wno na ulicy jak i na stadionie!<\/p>\n","protected":false},"featured_media":14094,"template":"","meta":{"_acf_changed":false},"product_brand":[],"product_cat":[370,3512],"product_tag":[],"class_list":{"0":"post-9841","1":"product","2":"type-product","3":"status-publish","4":"has-post-thumbnail","6":"product_cat-kominiarki","7":"product_cat-komiarki","8":"pa_gramatura-180-gr-m2","9":"pa_kolor-bialy-zielony","10":"pa_material-4-lycra","11":"pa_material-96-bawelna","13":"first","14":"outofstock","15":"sale","16":"taxable","17":"shipping-taxable","18":"purchasable","19":"product-type-simple"},"acf":[],"_links":{"self":[{"href":"https:\/\/pgwear.net\/pl\/wp-json\/wp\/v2\/product\/9841","targetHints":{"allow":["GET"]}}],"collection":[{"href":"https:\/\/pgwear.net\/pl\/wp-json\/wp\/v2\/product"}],"about":[{"href":"https:\/\/pgwear.net\/pl\/wp-json\/wp\/v2\/types\/product"}],"wp:featuredmedia":[{"embeddable":true,"href":"https:\/\/pgwear.net\/pl\/wp-json\/wp\/v2\/media\/14094"}],"wp:attachment":[{"href":"https:\/\/pgwear.net\/pl\/wp-json\/wp\/v2\/media?parent=9841"}],"wp:term":[{"taxonomy":"product_brand","embeddable":true,"href":"https:\/\/pgwear.net\/pl\/wp-json\/wp\/v2\/product_brand?post=9841"},{"taxonomy":"product_cat","embeddable":true,"href":"https:\/\/pgwear.net\/pl\/wp-json\/wp\/v2\/product_cat?post=9841"},{"taxonomy":"product_tag","embeddable":true,"href":"https:\/\/pgwear.net\/pl\/wp-json\/wp\/v2\/product_tag?post=9841"}],"curies":[{"name":"wp","href":"https:\/\/api.w.org\/{rel}","templated":true}]}}